{"id":7720,"date":"2022-11-23T16:57:17","date_gmt":"2022-11-23T14:57:17","guid":{"rendered":"https:\/\/casamasamarbella.com\/%e6%b3%95%e5%be%8b%e9%a1%be%e9%97%ae\/"},"modified":"2022-11-25T10:53:14","modified_gmt":"2022-11-25T10:53:14","slug":"legal-advice-2","status":"publish","type":"page","link":"https:\/\/casamasamarbella.com\/zh-hans\/legal-advice-2\/","title":{"rendered":"\u6cd5\u5f8b\u987e\u95ee"},"content":{"rendered":"<p>[et_pb_section fb_built=&#8221;1&#8243; admin_label=&#8221;cabecera p\u00e1gina&#8221; _builder_version=&#8221;4.18.1&#8243; _module_preset=&#8221;default&#8221; background_image=&#8221;https:\/\/casamasamarbella.com\/wp-content\/uploads\/2022\/11\/banner2.jpg&#8221; height=&#8221;300px&#8221; custom_margin=&#8221;-100px||||false|false&#8221; custom_padding=&#8221;100px||||false|false&#8221; global_colors_info=&#8221;{}&#8221;][et_pb_row _builder_version=&#8221;4.18.1&#8243; _module_preset=&#8221;default&#8221; custom_padding=&#8221;||4px|||&#8221; global_colors_info=&#8221;{}&#8221;][et_pb_column type=&#8221;4_4&#8243; _builder_version=&#8221;4.18.1&#8243; _module_preset=&#8221;default&#8221; global_colors_info=&#8221;{}&#8221;][et_pb_text _builder_version=&#8221;4.18.1&#8243; _module_preset=&#8221;default&#8221; header_font=&#8221;BEBAS NEUE REGULAR|600|||||||&#8221; header_text_color=&#8221;#FFFFFF&#8221; header_font_size=&#8221;50px&#8221; header_letter_spacing=&#8221;1px&#8221; global_colors_info=&#8221;{}&#8221;]<\/p>\n<h1>\u6cd5\u5f8b\u8b66\u544a<\/h1>\n<p>[\/et_pb_text][lwp_divi_breadcrumbs link_color=&#8221;#FE316F&#8221; separator_color=&#8221;#FE316F&#8221; current_text_color=&#8221;#FFFFFF&#8221; _builder_version=&#8221;4.18.1&#8243; _module_preset=&#8221;default&#8221; global_colors_info=&#8221;{}&#8221;][\/lwp_divi_breadcrumbs][\/et_pb_column][\/et_pb_row][\/et_pb_section][et_pb_section fb_built=&#8221;1&#8243; admin_label=&#8221;Secci\u00f3n Base&#8221; _builder_version=&#8221;4.18.1&#8243; _module_preset=&#8221;default&#8221; background_color=&#8221;#04040A&#8221; global_colors_info=&#8221;{}&#8221;][et_pb_row _builder_version=&#8221;4.18.1&#8243; _module_preset=&#8221;default&#8221; global_colors_info=&#8221;{}&#8221;][et_pb_column type=&#8221;4_4&#8243; _builder_version=&#8221;4.18.1&#8243; _module_preset=&#8221;default&#8221; global_colors_info=&#8221;{}&#8221;][et_pb_text _builder_version=&#8221;4.18.1&#8243; _module_preset=&#8221;default&#8221; header_font=&#8221;BEBAS NEUE REGULAR|600|||||||&#8221; header_text_color=&#8221;#FFFFFF&#8221; header_font_size=&#8221;60px&#8221; header_letter_spacing=&#8221;1px&#8221; header_2_font=&#8221;BEBAS NEUE REGULAR|600|||||||&#8221; header_2_text_color=&#8221;#FFFFFF&#8221; header_2_font_size=&#8221;50px&#8221; header_2_letter_spacing=&#8221;1px&#8221; header_3_font=&#8221;BEBAS NEUE REGULAR|600|||||||&#8221; header_3_text_color=&#8221;#FE316F&#8221; header_3_font_size=&#8221;24px&#8221; header_3_letter_spacing=&#8221;1px&#8221; global_colors_info=&#8221;{}&#8221;]<\/p>\n<h3 style=\"text-align: center;\">\u9a6c\u8428\u4e4b\u5bb6<\/h3>\n<h1 style=\"text-align: center;\">AVISO LEGAL Y PROTECCI\u00d3N DE DATOS<\/h1>\n<p>[\/et_pb_text][\/et_pb_column][\/et_pb_row][et_pb_row _builder_version=&#8221;4.18.1&#8243; _module_preset=&#8221;default&#8221; global_colors_info=&#8221;{}&#8221;][et_pb_column type=&#8221;4_4&#8243; _builder_version=&#8221;4.18.1&#8243; _module_preset=&#8221;default&#8221; global_colors_info=&#8221;{}&#8221;][et_pb_text _builder_version=&#8221;4.18.1&#8243; _module_preset=&#8221;default&#8221; text_text_color=&#8221;#FFFFFF&#8221; header_text_color=&#8221;#FE316F&#8221; header_2_text_color=&#8221;#FE316F&#8221; header_3_text_color=&#8221;#FE316F&#8221; header_4_text_color=&#8221;#FE316F&#8221; header_5_text_color=&#8221;#FE316F&#8221; header_6_text_color=&#8221;#FE316F&#8221; global_colors_info=&#8221;{}&#8221;]<\/p>\n<p>El presente aviso legal (en adelante, el &#8220;Aviso Legal&#8221;) regula el uso del servicio del portal de Internet casamasamarbella.com (en adelante, el &#8220;Web&#8221;) of MAR\u00cdA JOS\u00c9 MIRA VILLANO (CASA MASA) with social domicilio en CALLE VICTOR OHAYON TAPIERO, 6, MARBELLA, 29602, MALAGA\uff0cCIF 25712953B\u3002<\/p>\n<h2>\u7acb\u6cd5<\/h2>\n<p>Con car\u00e1cter general las relaciones entre MAR\u00cdA JOS\u00c9 MIRA VILLANO (CASA MASA) \u4e0e los Usuarios de sus servicios telem\u00e1ticos, presents en la web, se encuentran sometidas a la legislaci\u00f3n y jurisdicci\u00f3n espa\u00f1olas\u3002 Las partes renuncian expresamente al fuero que les pudiera corresponder y someten expresamente a los Juzgados y Tribunales de MARBELLA para resolver cualquier controversia que pueda surgir en la interpretaci\u00f3n o ejecuci\u00f3n de las presentes condiciones condiciones.<br \/>Contenido yuso<br \/>El Usuario queda informado, y acepta, que el acceso a la presente web no supone, en modo alguno, el inicio de una relaci\u00f3n comercial con MAR\u00cdA JOS\u00c9 MIRA VILLANO (CASA MASA)\u3002 El titular del web no se identifica con las opinions vertidas en el mismo por sus colaboradores\u3002 Empresa se \u4fdd\u7559\u4e86 efectuar sin previo las modificaciones que considere oportunas en su Web\u3001pudiendo cambiar\u3001suprimir o a\u00f1adir tanto los contenidos y servicios que se presten a trav\u00e9s de la misma como la format en la que estos aparezcan presentados o localizados en sus \u670d\u52a1\u5668\u3002<\/p>\n<h2>\u77e5\u8bc6\u4ea7\u6743\u548c\u5de5\u4e1a<\/h2>\n<p>Los derechos de propiedad intellectual del contenido de las p\u00e1ginas web, su dise\u00f1o graphics and codigos son titularidad de MAR\u00cdA JOS\u00c9 MIRA VILLANO (CASA MASA) y, port tanto, queda prohibida su reproducci\u00f3n, distribuci\u00f3n, comunicaci\u00f3n publica, transform o cualquier otra actividad que se pueda realizar con los contenidos de sus p\u00e1ginas web ni aun citando las fuentes, salvo consentimiento por escrito de MAR\u00cdA JOS\u00c9 MIRA VILLANO (CASA MASA)\u3002 Todos los nobres comerciales, marcas o signos distintos de cualquier classe contenidos en las p\u00e1ginas web de la Empresa son propiedad de sus due\u00f1os y estan protegidos por ley\u3002<\/p>\n<h2>\u7f20\u7ed5\uff08\u94fe\u63a5\uff09<\/h2>\n<p>La presencia de enlaces (links) en las p\u00e1ginas web de MAR\u00cdA JOS\u00c9 MIRA VILLANO (CASA MASA) tiene finalidad meramente informativa y en ning\u00fan caso supone sugerencia, invitaci\u00f3n o recomendaci\u00f3n sobre los mismos\u3002<br \/>Confidencialidad y Protecci\u00f3n de Datos<br \/>2016 \u5e74 4 \u6708 27 \u65e5\u7684 RGPD \u6548\u679c\uff0cMAR\u00cdA JOS\u00c9 MIRA VILLANO (CASA MASA) \u7684\u4fe1\u606f\u663e\u793a\uff0cMAR\u00cdA JOS\u00c9 MIRA VILLANO (CASA MASA) y bajo su responsabilidad, con la finalidad de realizar el mantenimiento y gesti\u00f3n de la relaci\u00f3n con el Usuario, as\u00ed como las labores de informaci\u00f3n. \u5728\u63a5\u53d7\u76ee\u524d\u7684\u4e00\u822c\u6761\u4ef6\u65f6\uff0cMAR\u00cdA JOS\u00c9 MIRA VILLANO (CASA MASA) precisar\u00e1 del Usuario la recogida de unos datos imprescindibles para la prestaci\u00f3n de sus servicios\u3002<\/p>\n<h2>\u6ce8\u518c\u6587\u4ef6\u548c\u516c\u5f0f<\/h2>\n<p>La complimentaci\u00f3n del formulario de registro es obligatoria para acceder y disfrutar de determinados servicios of recidos en la web\u3002 El no facilitar los datos personales solicitados o el no acceptar la presente politica de protecci\u00f3n de datos supone la imposbilidad de suscribirse, registrarse o participar en cualquiera de las promotions en las que se soliciten datos personal car\u00e1cter. A effecto de lo previso en RGPD de April 27 de 2016, the informamos que los personal datas que se obtengan como consecuencia de su registro como Usuario, ser\u00e1n incorporados a un fichero titularidad de Mar\u00cdA Jos\u00e9 Mira Villano (CASA MASA) with CIF 25712953B y domicilio en CALLE VICTOR OHAYON TAPIERO, 6, MARBELLA, 29602, MALAGA, teniendo \u5b9e\u65bd el Real Decreto 1720\/2007, de 11 de junio \u7684 las medidas de seguridad establecidas\u3002<\/p>\n<h2>\u6570\u636e\u7684\u51c6\u786e\u6027\u548c\u4fbf\u5229\u6027<\/h2>\n<p>El Usuario es el \u00fanico responsable de la veracidad y correcci\u00f3n de los datos incluidos, exoner\u00e1ndose MAR\u00cdA JOS\u00c9 MIRA VILLANO (CASA MASA) de cualquier responsabilidad al respecto\u3002 Los usuarios garantizan y responden, en cualquier caso, de la exactitud, vigencia y autenticidad de los datos personales facilitados, y se comprometen a mantenerlos debidamente actualizados. El usuario acepta proporcionar informaci\u00f3n complete y correcta en el formulario de registro o suscripci\u00f3n\u3002 MAR\u00cdA JOS\u00c9 MIRA VILLANO (CASA MASA) \u6ca1\u6709\u56de\u5e94 sean de elaboraci\u00f3n propia \u548c las que se indique otra fuente\uff0c\u56e0\u4e3a lo que tampoco asume responsabilidad alguna en cuanto a hipot\u00e9ticos perjuicios que pudieran originarse por el uso de\u8fea\u67e5\u4fe1\u606f\u3002 MAR\u00cdA JOS\u00c9 MIRA VILLANO (CASA MASA) se reserve el derecho an actualizar, modificar o eliminar la informaci\u00f3n contenida en sus p\u00e1ginas web pudiendo incluso limitar o no permitir el acceso a dicha informaci\u00f3n. This shows MAR\u00cdA JOS\u00c9 MIRA VILLANO (CASA MASA) responsabilidad ante cualquier da\u00f1o o perjuicio que pudiera sufrir el Usuario como consecuencia de errors, defectos u omisiones, en la informaci\u00f3n facilitada por MAR\u00cdA JOS\u00c9 MIRA VILLANO (CASA MASA) siempre que proceda de fuentes ajenas MAR\u00cdA JOS\u00c9 MIRA VILLANO (CASA MASA)\u3002<\/p>\n<h2>\u997c\u5e72<\/h2>\n<p>El sitio casamasamarbella.com \u4f7f\u7528 cookie\uff0c\u8003\u8651\u4f7f\u7528 el propio terminal del usuario \u548c sirven para facilitar la navegaci\u00f3n del usuario por el alojados ficheros fisicos de informaci\u00f3n alojados \u7684\u6545\u4e8b\u3002 De todas forms, el usuario tiene la posibilidad de configurar el navegador de tal modo que impida la installation de estos archivos.<\/p>\n<h2>\u51b3\u8d5b<\/h2>\n<p>Las finalidades de CASA MASA son el mantenimiento y gesti\u00f3n de la relaci\u00f3n con el Usuario\uff0cas\u00ed como las labores de informaci\u00f3n\u3002<\/p>\n<h2>\u6885\u8bfa\u96f7\u5fb7\u57c3\u8fbe<\/h2>\n<p>En el supuesto que algunos de nuestros servicios vayan dirigidos espec\u00edficamente a menores de edad, MAR\u00cdA JOS\u00c9 MIRA VILLANO (CASA MASA) solicitar\u00e1 la conformidad de los padres o tutores para la recogida de los datos personales o, en su caso, para el tratamiento automizado de\u6d1b\u65af\u6570\u636e\u3002<\/p>\n<h2>Cesi\u00f3n de datos a terceros<\/h2>\n<p>MAR\u00cdA JOS\u00c9 MIRA VILLANO (CASA MASA) \u6ca1\u6709\u5b9e\u73b0 datos de los usuarios a terceros\u3002<\/p>\n<h2>Ejercicio de derechos de acceso\u3001rectificaci\u00f3n\u3001cancelaci\u00f3n y oposici\u00f3n<\/h2>\n<p>Podr\u00e1 dirigir sus comunicaciones y ejercitar los derechos de acceso\u3001rectificaci\u00f3n\u3001supresi\u00f3n\u3001limitaci\u00f3n\u3001portabilidad y oposici\u00f3n la direcci\u00f3n de Internet a casamasa2011@hotmail.com o bien por correo ordinario dirigido a MAR\u00cdA JOS\u00c9RA VILLANO (CASA MASA)\uff0cRef. RGPD\uff0c\u4f4d\u4e8e CALLE VICTOR OHAYON TAPIERO, 6, MARBELLA, 29602, MALAGA\u3002 Para ejercer dichos derechos es necesario que usted acredite su personalidad frente a MAR\u00cdA JOS\u00c9 MIRA VILLANO (CASA MASA) mediante el env\u00edo de fotocopia de Documento Nacional de Identidad o cualquier otro medio v\u00e1lido en Derecho. \u6ca1\u6709\u987d\u56fa\u7684\u3001\u4fee\u6539\u6216\u7ea0\u6b63 sus datos de registro se podr\u00e1 realizar en el propio \u7ad9\u70b9\u6807\u8bc6\u3001previamente\u3001con su usuario y contrase\u00f1a\u3002<\/p>\n<h2>\u533b\u7597\u4fdd\u9669<\/h2>\n<p>MAR\u00cdA JOS\u00c9 MIRA VILLANO (CASA MASA) \u91c7\u7528\u4e86 seguridad de protecci\u00f3n de los Datos Persoleles legalmente requeridos, y procuran instalar aquellos otros medios y medidas tecnicas adicionales a su alcance para evitar la perdida, mal uso, alteraci\u00f3n, acceso no autorizado y robo de los Datos Personales facilitados a MAR\u00cdA JOS\u00c9 MIRA VILLANO (CASA MASA) no ser\u00e1 responsable de posibles da\u00f1os o perjuicios que se pudieran derivar de interferences, omisiones, interrupciones, virus inform\u00e1ticos, aver\u00edas telef\u00f3nicas o desconexiones en el funcionamiento operativo de este sistema, motivadasistema por causas ajenas a MAR\u00cdA JOS\u00c9 MIRA VILLANO (CASA MASA)\uff1b de retrasos o bloqueos en el uso del presente el Centro de Procesos de Datos \u4e2d\u7684 telef\u00f3nicas o sobrecargas \u7684\u7f3a\u9677\u5bfc\u81f4\u7684\u7535\u5b50\u7cfb\u7edf\u539f\u56e0\uff0cen el system de Internet o en otros electronicos systems\uff0cas\u00ed como de da\u00f1os que puedan ser causados Por terceras personas mediante intromisiones ileg\u00edtimas fuera del control de MAR\u00cdA JOS\u00c9 MIRA VILLANO (CASA MASA)\u3002 \u4f60\u597d\uff0c\u4e0d\u56fa\u6267\uff0cel Usuario debe ser consciente de que las medidas de seguridad en Internet no son inexpugnables\u3002<\/p>\n<h2>\u63a5\u53d7\u548c\u540c\u610f<\/h2>\n<p>El usuario declara haber sido informado de las condiciones sobre protecci\u00f3n de personales, aceptando y consintiendo el tratamiento automatizado de los mismos por parte de Mar\u00cdA Jos\u00e9 Mira Villano (CASA MASA), en la format para las finalidades indicadas en la presente Pol\u00edtica de Protecci\u00f3n de\u4e2a\u4eba\u62ff\u7763\u3002 Ciertos servicios prestados en el Portal pueden condiciones particulares con previsiones espec\u00edficas en materia de protecci\u00f3n de Datos Perserales\u3002<\/p>\n<p>[\/et_pb_text][\/et_pb_column][\/et_pb_row][\/et_pb_section]<\/p>\n","protected":false},"excerpt":{"rendered":"<p>\u6cd5\u5f8b\u8b66\u544a<div class=\"et_pb_module lwp_divi_breadcrumbs lwp_divi_breadcrumbs_0\">\n\t\t\t\t\n\t\t\t\t\n\t\t\t\t\n\t\t\t\t\n\t\t\t\t\n\t\t\t\t\n\t\t\t\t<div class=\"et_pb_module_inner\">\n\t\t\t\t\t<div class=\"lwp-breadcrumbs\"> <span class=\"before\"><\/span> <span vocab=\"https:\/\/schema.org\/\" typeof=\"BreadcrumbList\"><span property=\"itemListElement\" typeof=\"ListItem\"><a property=\"item\" typeof=\"WebPage\" href=\"https:\/\/casamasamarbella.com\/zh-hans\/\" class=\"home\"><span property=\"name\">Home<\/span><\/a><meta property=\"position\" content=\"1\"><\/span> <span class=\"separator et-pb-icon\">&amp;#x39;<\/span> <\/span><\/div>\n\t\t\t\t<\/div>\n\t\t\t<\/div><\/p>\n","protected":false},"author":1,"featured_media":0,"parent":0,"menu_order":0,"comment_status":"closed","ping_status":"closed","template":"","meta":{"_et_pb_use_builder":"on","_et_pb_old_content":"","_et_gb_content_width":"","_joinchat":[],"footnotes":""},"class_list":["post-7720","page","type-page","status-publish","hentry"],"_links":{"self":[{"href":"https:\/\/casamasamarbella.com\/zh-hans\/wp-json\/wp\/v2\/pages\/7720","targetHints":{"allow":["GET"]}}],"collection":[{"href":"https:\/\/casamasamarbella.com\/zh-hans\/wp-json\/wp\/v2\/pages"}],"about":[{"href":"https:\/\/casamasamarbella.com\/zh-hans\/wp-json\/wp\/v2\/types\/page"}],"author":[{"embeddable":true,"href":"https:\/\/casamasamarbella.com\/zh-hans\/wp-json\/wp\/v2\/users\/1"}],"replies":[{"embeddable":true,"href":"https:\/\/casamasamarbella.com\/zh-hans\/wp-json\/wp\/v2\/comments?post=7720"}],"version-history":[{"count":0,"href":"https:\/\/casamasamarbella.com\/zh-hans\/wp-json\/wp\/v2\/pages\/7720\/revisions"}],"wp:attachment":[{"href":"https:\/\/casamasamarbella.com\/zh-hans\/wp-json\/wp\/v2\/media?parent=7720"}],"curies":[{"name":"wp","href":"https:\/\/api.w.org\/{rel}","templated":true}]}}