{"id":7266,"date":"2022-11-23T16:57:17","date_gmt":"2022-11-23T14:57:17","guid":{"rendered":"https:\/\/casamasamarbella.com\/rattsligt-meddelande\/"},"modified":"2022-11-23T11:25:30","modified_gmt":"2022-11-23T11:25:30","slug":"rattsligt-meddelande","status":"publish","type":"page","link":"https:\/\/casamasamarbella.com\/sv\/rattsligt-meddelande\/","title":{"rendered":"R\u00e4ttsligt meddelande"},"content":{"rendered":"<p>[et_pb_section fb_built=&#8221;1&#8243; admin_label=&#8221;cabecera p\u00e1gina&#8221; _builder_version=&#8221;4.18.1&#8243; _module_preset=&#8221;default&#8221; background_image=&#8221;https:\/\/casamasamarbella.com\/wp-content\/uploads\/2022\/11\/banner2.jpg&#8221; height=&#8221;300px&#8221; custom_margin=&#8221;-100px||||false|false&#8221; custom_padding=&#8221;100px||||false|false&#8221; global_colors_info=&#8221;{}&#8221;][et_pb_row _builder_version=&#8221;4.18.1&#8243; _module_preset=&#8221;default&#8221; custom_padding=&#8221;||4px|||&#8221; global_colors_info=&#8221;{}&#8221;][et_pb_column type=&#8221;4_4&#8243; _builder_version=&#8221;4.18.1&#8243; _module_preset=&#8221;default&#8221; global_colors_info=&#8221;{}&#8221;][et_pb_text _builder_version=&#8221;4.18.1&#8243; _module_preset=&#8221;default&#8221; header_font=&#8221;BEBAS NEUE REGULAR|600|||||||&#8221; header_text_color=&#8221;#FFFFFF&#8221; header_font_size=&#8221;50px&#8221; header_letter_spacing=&#8221;1px&#8221; global_colors_info=&#8221;{}&#8221;]<\/p>\n<h1>R\u00e4ttsligt meddelande<\/h1>\n<p>[\/et_pb_text][lwp_divi_breadcrumbs link_color=&#8221;#FE316F&#8221; separator_color=&#8221;#FE316F&#8221; current_text_color=&#8221;#FFFFFF&#8221; _builder_version=&#8221;4.18.1&#8243; _module_preset=&#8221;default&#8221; global_colors_info=&#8221;{}&#8221;][\/lwp_divi_breadcrumbs][\/et_pb_column][\/et_pb_row][\/et_pb_section][et_pb_section fb_built=&#8221;1&#8243; admin_label=&#8221;Secci\u00f3n Base&#8221; _builder_version=&#8221;4.18.1&#8243; _module_preset=&#8221;default&#8221; background_color=&#8221;#04040A&#8221; global_colors_info=&#8221;{}&#8221;][et_pb_row _builder_version=&#8221;4.18.1&#8243; _module_preset=&#8221;default&#8221; global_colors_info=&#8221;{}&#8221;][et_pb_column type=&#8221;4_4&#8243; _builder_version=&#8221;4.18.1&#8243; _module_preset=&#8221;default&#8221; global_colors_info=&#8221;{}&#8221;][et_pb_text _builder_version=&#8221;4.18.1&#8243; _module_preset=&#8221;default&#8221; header_font=&#8221;BEBAS NEUE REGULAR|600|||||||&#8221; header_text_color=&#8221;#FFFFFF&#8221; header_font_size=&#8221;60px&#8221; header_letter_spacing=&#8221;1px&#8221; header_2_font=&#8221;BEBAS NEUE REGULAR|600|||||||&#8221; header_2_text_color=&#8221;#FFFFFF&#8221; header_2_font_size=&#8221;50px&#8221; header_2_letter_spacing=&#8221;1px&#8221; header_3_font=&#8221;BEBAS NEUE REGULAR|600|||||||&#8221; header_3_text_color=&#8221;#FE316F&#8221; header_3_font_size=&#8221;24px&#8221; header_3_letter_spacing=&#8221;1px&#8221; global_colors_info=&#8221;{}&#8221;]<\/p>\n<h3 style=\"text-align: center;\">MASA HOUSE<\/h3>\n<h1 style=\"text-align: center;\">R\u00c4TTSLIGT MEDDELANDE OCH DATASKYDD<\/h1>\n<p>[\/et_pb_text][\/et_pb_column][\/et_pb_row][et_pb_row _builder_version=&#8221;4.18.1&#8243; _module_preset=&#8221;default&#8221; global_colors_info=&#8221;{}&#8221;][et_pb_column type=&#8221;4_4&#8243; _builder_version=&#8221;4.18.1&#8243; _module_preset=&#8221;default&#8221; global_colors_info=&#8221;{}&#8221;][et_pb_text _builder_version=&#8221;4.18.1&#8243; _module_preset=&#8221;default&#8221; text_text_color=&#8221;#FFFFFF&#8221; header_text_color=&#8221;#FE316F&#8221; header_2_text_color=&#8221;#FE316F&#8221; header_3_text_color=&#8221;#FE316F&#8221; header_4_text_color=&#8221;#FE316F&#8221; header_5_text_color=&#8221;#FE316F&#8221; header_6_text_color=&#8221;#FE316F&#8221; global_colors_info=&#8221;{}&#8221;]<\/p>\n<p>Detta r\u00e4ttsliga meddelande (nedan kallat &#8221;det r\u00e4ttsliga meddelandet&#8221;) reglerar anv\u00e4ndningen av tj\u00e4nsten p\u00e5 Internetportalen casamasamarbella.com (nedan kallad &#8221;webben&#8221;) av MAR\u00cdA JOS\u00c9 MIRA VILLANO (CASA MASA) med s\u00e4te p\u00e5 CALLE VICTOR OHAYON TAPIERO, 6, MARBELLA, 29602, MALAGA med CIF 25712953B.<\/p>\n<h2>Lagstiftning<\/h2>\n<p>Generellt g\u00e4ller att f\u00f6rbindelserna mellan MAR\u00cdA JOS\u00c9 MIRA VILLANO (CASA MASA) och anv\u00e4ndarna av dess telematiktj\u00e4nster p\u00e5 webben omfattas av spansk lagstiftning och jurisdiktion. Parterna avst\u00e5r uttryckligen fr\u00e5n all annan jurisdiktion som kan vara till\u00e4mplig p\u00e5 dem och \u00f6verl\u00e4mnar uttryckligen till domstolarna i MARBELLA f\u00f6r att l\u00f6sa alla tvister som kan uppst\u00e5 i samband med tolkningen eller genomf\u00f6randet av dessa avtalsvillkor.<br \/>Inneh\u00e5ll och anv\u00e4ndning<br \/>Anv\u00e4ndaren \u00e4r informerad om och accepterar att tillg\u00e5ng till denna webbplats inte p\u00e5 n\u00e5got s\u00e4tt inneb\u00e4r att en aff\u00e4rsrelation inleds med MAR\u00cdA JOS\u00c9 MIRA VILLANO (CASA MASA). Webbplatsens \u00e4gare identifierar sig inte med de \u00e5sikter som bidragsgivarna ger uttryck f\u00f6r. F\u00f6retaget f\u00f6rbeh\u00e5ller sig r\u00e4tten att g\u00f6ra de \u00e4ndringar som det anser l\u00e4mpliga p\u00e5 sin webbplats utan f\u00f6reg\u00e5ende meddelande och kan \u00e4ndra, ta bort eller l\u00e4gga till b\u00e5de inneh\u00e5ll och tj\u00e4nster som tillhandah\u00e5lls via webbplatsen och det s\u00e4tt p\u00e5 vilket de presenteras eller finns p\u00e5 dess servrar.<\/p>\n<h2>Immateriella och industriella r\u00e4ttigheter<\/h2>\n<p>MAR\u00cdA JOS\u00c9 MIRA VILLANO (CASA MASA) \u00e4ger den immateriella \u00e4gander\u00e4tten till inneh\u00e5llet p\u00e5 webbsidorna, deras grafiska utformning och koder, och d\u00e4rf\u00f6r \u00e4r det f\u00f6rbjudet att reproducera, distribuera, offentligg\u00f6ra, omvandla eller utf\u00f6ra n\u00e5gon annan aktivitet med inneh\u00e5llet p\u00e5 webbsidorna, inte ens med angivande av k\u00e4llorna, utom med skriftligt tillst\u00e5nd fr\u00e5n MAR\u00cdA JOS\u00c9 MIRA VILLANO (CASA MASA). Alla handelsnamn, varum\u00e4rken eller k\u00e4nnetecken av n\u00e5got slag som finns p\u00e5 f\u00f6retagets webbsidor tillh\u00f6r \u00e4garna och \u00e4r skyddade enligt lag.<\/p>\n<h2>L\u00e4nkar<\/h2>\n<p>F\u00f6rekomsten av l\u00e4nkar p\u00e5 MAR\u00cdA JOS\u00c9 MIRA VILLANOs (CASA MASA) webbsidor \u00e4r endast i informationssyfte och inneb\u00e4r inte i n\u00e5got fall ett f\u00f6rslag, en uppmaning eller en rekommendation om dem.<br \/>Konfidentialitet och uppgiftsskydd<br \/>I enlighet med RGPD av den 27 april 2016 informerar MAR\u00cdA JOS\u00c9 MIRA VILLANO (CASA MASA) anv\u00e4ndaren om f\u00f6rekomsten av en automatiserad behandling av personuppgifter som skapats av och f\u00f6r MAR\u00cdA JOS\u00c9 MIRA VILLANO (CASA MASA) och som ligger under dess ansvar, i syfte att uppr\u00e4tth\u00e5lla och hantera relationen med anv\u00e4ndaren, samt informationsuppgifter. N\u00e4r MAR\u00cdA JOS\u00c9 MIRA VILLANO (CASA MASA) accepterar dessa allm\u00e4nna villkor kommer MAR\u00cdA JOS\u00c9 MIRA VILLANO (CASA MASA) att kr\u00e4va att anv\u00e4ndaren samlar in vissa viktiga uppgifter f\u00f6r att kunna tillhandah\u00e5lla sina tj\u00e4nster.<\/p>\n<h2>Registrering av filer och blanketter<\/h2>\n<p>Det \u00e4r obligatoriskt att fylla i registreringsformul\u00e4ret f\u00f6r att f\u00e5 tillg\u00e5ng till och utnyttja vissa tj\u00e4nster som erbjuds p\u00e5 webbplatsen. Om du inte l\u00e4mnar de beg\u00e4rda personuppgifterna eller inte godk\u00e4nner denna dataskyddspolicy inneb\u00e4r det att du inte kan prenumerera, registrera eller delta i n\u00e5gon av de kampanjer d\u00e4r personuppgifterna beg\u00e4rs. I enlighet med best\u00e4mmelserna i RGPD av den 27 april 2016 informerar vi dig om att de personuppgifter som erh\u00e5lls till f\u00f6ljd av din registrering som anv\u00e4ndare kommer att ing\u00e5 i en fil som \u00e4gs av MAR\u00cdA JOS\u00c9 MIRA VILLANO (CASA MASA) med C.I.F 25712953B och adress CALLE VICTOR OHAYON TAPIERO, 6, MARBELLA, 29602, MALAGA, efter att ha genomf\u00f6rt de s\u00e4kerhets\u00e5tg\u00e4rder som fastst\u00e4lls i kungligt dekret 1720\/2007 av den 11 juni.<\/p>\n<h2>De tillhandah\u00e5llna uppgifternas riktighet och sanningshalt.<\/h2>\n<p>Anv\u00e4ndaren \u00e4r ensam ansvarig f\u00f6r att de uppgifter som l\u00e4mnas in \u00e4r korrekta och att de \u00e4r sanningsenliga, och MAR\u00cdA JOS\u00c9 MIRA VILLANO (CASA MASA) befrias fr\u00e5n allt ansvar i detta avseende. Anv\u00e4ndaren garanterar och ansvarar under alla omst\u00e4ndigheter f\u00f6r att de personuppgifter som l\u00e4mnas in \u00e4r korrekta, giltiga och \u00e4kta, och f\u00f6rbinder sig att h\u00e5lla dem uppdaterade. Anv\u00e4ndaren samtycker till att l\u00e4mna fullst\u00e4ndig och korrekt information i registreringsformul\u00e4ret eller prenumerationsformul\u00e4ret. MAR\u00cdA JOS\u00c9 MIRA VILLANO (CASA MASA) ansvarar inte f\u00f6r sanningshalten i den information som inte \u00e4r egenh\u00e4ndigt utarbetad och f\u00f6r vilken en annan k\u00e4lla anges, och tar d\u00e4rf\u00f6r inte p\u00e5 sig n\u00e5got ansvar f\u00f6r hypotetiska skador som kan orsakas av anv\u00e4ndningen av s\u00e5dan information. MAR\u00cdA JOS\u00c9 MIRA VILLANO (CASA MASA) f\u00f6rbeh\u00e5ller sig r\u00e4tten att uppdatera, \u00e4ndra eller radera informationen p\u00e5 sina webbsidor och kan \u00e4ven begr\u00e4nsa eller neka tillg\u00e5ng till denna information. MAR\u00cdA JOS\u00c9 MIRA VILLANO (CASA MASA) friskriver sig fr\u00e5n ansvar f\u00f6r eventuella skador som anv\u00e4ndaren kan drabbas av till f\u00f6ljd av fel, brister eller utel\u00e4mnanden i den information som tillhandah\u00e5lls av MAR\u00cdA JOS\u00c9 MIRA VILLANO (CASA MASA) n\u00e4r den kommer fr\u00e5n andra k\u00e4llor \u00e4n MAR\u00cdA JOS\u00c9 MIRA VILLANO (CASA MASA).<\/p>\n<h2>Cookies<\/h2>\n<p>Webbplatsen casamasamarbella.com anv\u00e4nder cookies, som \u00e4r fysiska informationsfiler som lagras i anv\u00e4ndarens egen terminal och som anv\u00e4nds f\u00f6r att underl\u00e4tta anv\u00e4ndarens surfning p\u00e5 portalen. Anv\u00e4ndaren har i alla fall m\u00f6jlighet att konfigurera webbl\u00e4saren p\u00e5 ett s\u00e5dant s\u00e4tt att installationen av dessa filer f\u00f6rhindras.<\/p>\n<h2>Syften<\/h2>\n<p>CASA MASAs syfte \u00e4r att uppr\u00e4tth\u00e5lla och hantera relationen med anv\u00e4ndaren samt att tillhandah\u00e5lla information.<\/p>\n<h2>Mindre\u00e5riga<\/h2>\n<p>Om vissa av v\u00e5ra tj\u00e4nster riktar sig specifikt till minder\u00e5riga kommer MAR\u00cdA JOS\u00c9 MIRA VILLANO (CASA MASA) att beg\u00e4ra f\u00f6r\u00e4ldrarnas eller v\u00e5rdnadshavarnas samtycke till insamling av personuppgifter eller, i f\u00f6rekommande fall, till automatiserad behandling av uppgifter.<\/p>\n<h2>\u00d6verf\u00f6ring av uppgifter till tredje part<\/h2>\n<p>MAR\u00cdA JOS\u00c9 MIRA VILLANO (CASA MASA) kommer inte att \u00f6verf\u00f6ra anv\u00e4ndaruppgifter till tredje part.<\/p>\n<h2>Ut\u00f6vande av r\u00e4tten till tillg\u00e5ng, r\u00e4ttelse, annullering och inv\u00e4ndning<\/h2>\n<p>Du kan skicka dina meddelanden och ut\u00f6va din r\u00e4tt till tillg\u00e5ng, r\u00e4ttelse, radering, begr\u00e4nsning, portabilitet och inv\u00e4ndning till Internetadressen casamasa2011@hotmail.com eller med vanlig post till MAR\u00cdA JOS\u00c9 MIRA VILLANO (CASA MASA), Ref. RGPD, CALLE VICTOR OHAYON TAPIERO, 6, MARBELLA, 29602, MALAGA. F\u00f6r att kunna ut\u00f6va dessa r\u00e4ttigheter m\u00e5ste du bevisa din identitet till MAR\u00cdA JOS\u00c9 MIRA VILLANO (CASA MASA) genom att skicka en fotokopia av din nationella identitetshandling eller n\u00e5got annat lagligt giltigt s\u00e4tt. \u00c4ndringar eller r\u00e4ttelser av dina registreringsuppgifter kan dock g\u00f6ras p\u00e5 sj\u00e4lva webbplatsen genom att f\u00f6rst identifiera dig med ditt anv\u00e4ndarnamn och l\u00f6senord.<\/p>\n<h2>S\u00e4kerhets\u00e5tg\u00e4rder<\/h2>\n<p>MAR\u00cdA JOS\u00c9 MIRA VILLANO (CASA MASA) har antagit de s\u00e4kerhetsniv\u00e5er som kr\u00e4vs enligt lag f\u00f6r att skydda personuppgifterna och f\u00f6rs\u00f6ker installera de ytterligare tekniska medel och \u00e5tg\u00e4rder som finns inom dess r\u00e4ckh\u00e5ll f\u00f6r att undvika f\u00f6rlust, missbruk, \u00e4ndring, obeh\u00f6rig \u00e5tkomst och st\u00f6ld av de personuppgifter som l\u00e4mnas till MAR\u00cdA JOS\u00c9 MIRA VILLANO (CASA MASA), obeh\u00f6rig \u00e5tkomst och st\u00f6ld av de personuppgifter som l\u00e4mnats till MAR\u00cdA JOS\u00c9 MIRA VILLANO (CASA MASA) ansvarar inte f\u00f6r eventuella skador som kan uppst\u00e5 till f\u00f6ljd av st\u00f6rningar, utel\u00e4mnanden, avbrott, datavirus, telefonsv\u00e5righeter eller avbrott i det elektroniska systemets funktion, som orsakas av orsaker som MAR\u00cdA JOS\u00c9 MIRA VILLANO (CASA MASA) inte kan kontrollera; F\u00f6rseningar eller blockeringar i anv\u00e4ndningen av detta elektroniska system som orsakas av brister eller \u00f6verbelastning av telefonlinjer eller \u00f6verbelastning i databehandlingscentret, i Internetsystemet eller i andra elektroniska system, samt skador som kan orsakas av tredje part genom olagliga intr\u00e5ng utanf\u00f6r MAR\u00cdA JOS\u00c9 MIRA VILLANOs (CASA MASA) kontroll. Anv\u00e4ndaren b\u00f6r dock vara medveten om att s\u00e4kerhets\u00e5tg\u00e4rderna p\u00e5 Internet inte \u00e4r ointagliga.<\/p>\n<h2>Godk\u00e4nnande och samtycke<\/h2>\n<p>Anv\u00e4ndaren f\u00f6rklarar att han\/hon har informerats om villkoren f\u00f6r skydd av personuppgifter och att han\/hon accepterar och samtycker till att MAR\u00cdA JOS\u00c9 MIRA VILLANO (CASA MASA) behandlar dem automatiskt, p\u00e5 det s\u00e4tt och f\u00f6r de \u00e4ndam\u00e5l som anges i denna policy f\u00f6r skydd av personuppgifter. Vissa tj\u00e4nster som tillhandah\u00e5lls p\u00e5 portalen kan inneh\u00e5lla s\u00e4rskilda villkor med specifika best\u00e4mmelser om skydd av personuppgifter.<\/p>\n<p>[\/et_pb_text][\/et_pb_column][\/et_pb_row][\/et_pb_section]<\/p>\n","protected":false},"excerpt":{"rendered":"<p>R\u00e4ttsligt meddelande<div class=\"et_pb_module lwp_divi_breadcrumbs lwp_divi_breadcrumbs_0\">\n\t\t\t\t\n\t\t\t\t\n\t\t\t\t\n\t\t\t\t\n\t\t\t\t\n\t\t\t\t\n\t\t\t\t<div class=\"et_pb_module_inner\">\n\t\t\t\t\t<div class=\"lwp-breadcrumbs\"> <span class=\"before\"><\/span> <span vocab=\"https:\/\/schema.org\/\" typeof=\"BreadcrumbList\"><span property=\"itemListElement\" typeof=\"ListItem\"><a property=\"item\" typeof=\"WebPage\" href=\"https:\/\/casamasamarbella.com\/sv\/\" class=\"home\"><span property=\"name\">Home<\/span><\/a><meta property=\"position\" content=\"1\"><\/span> <span class=\"separator et-pb-icon\">&amp;#x39;<\/span> <\/span><\/div>\n\t\t\t\t<\/div>\n\t\t\t<\/div>MASA HOUSE R\u00c4TTSLIGT MEDDELANDE OCH DATASKYDDDetta r\u00e4ttsliga meddelande (nedan kallat &#8221;det r\u00e4ttsliga meddelandet&#8221;) reglerar anv\u00e4ndningen av tj\u00e4nsten p\u00e5 Internetportalen casamasamarbella.com (nedan kallad &#8221;webben&#8221;) av MAR\u00cdA JOS\u00c9 MIRA VILLANO (CASA MASA) med s\u00e4te p\u00e5 CALLE VICTOR OHAYON TAPIERO, 6, MARBELLA, 29602, MALAGA med CIF 25712953B. Lagstiftning Generellt g\u00e4ller att [&hellip;]<\/p>\n","protected":false},"author":1,"featured_media":0,"parent":0,"menu_order":0,"comment_status":"closed","ping_status":"closed","template":"","meta":{"_et_pb_use_builder":"on","_et_pb_old_content":"","_et_gb_content_width":"","_joinchat":[],"footnotes":""},"class_list":["post-7266","page","type-page","status-publish","hentry"],"_links":{"self":[{"href":"https:\/\/casamasamarbella.com\/sv\/wp-json\/wp\/v2\/pages\/7266","targetHints":{"allow":["GET"]}}],"collection":[{"href":"https:\/\/casamasamarbella.com\/sv\/wp-json\/wp\/v2\/pages"}],"about":[{"href":"https:\/\/casamasamarbella.com\/sv\/wp-json\/wp\/v2\/types\/page"}],"author":[{"embeddable":true,"href":"https:\/\/casamasamarbella.com\/sv\/wp-json\/wp\/v2\/users\/1"}],"replies":[{"embeddable":true,"href":"https:\/\/casamasamarbella.com\/sv\/wp-json\/wp\/v2\/comments?post=7266"}],"version-history":[{"count":0,"href":"https:\/\/casamasamarbella.com\/sv\/wp-json\/wp\/v2\/pages\/7266\/revisions"}],"wp:attachment":[{"href":"https:\/\/casamasamarbella.com\/sv\/wp-json\/wp\/v2\/media?parent=7266"}],"curies":[{"name":"wp","href":"https:\/\/api.w.org\/{rel}","templated":true}]}}