{"id":7250,"date":"2022-11-15T14:31:09","date_gmt":"2022-11-15T14:31:09","guid":{"rendered":"https:\/\/casamasamarbella.com\/tjanster\/bdsmsado-dungeon-suite\/"},"modified":"2022-11-29T07:35:14","modified_gmt":"2022-11-29T07:35:14","slug":"bdsmsado-dungeon-suite","status":"publish","type":"page","link":"https:\/\/casamasamarbella.com\/sv\/tjanster\/bdsmsado-dungeon-suite\/","title":{"rendered":"BDSM&amp;SADO Dungeon Suite"},"content":{"rendered":"<p>[et_pb_section fb_built=&#8221;1&#8243; admin_label=&#8221;cabecera p\u00e1gina&#8221; _builder_version=&#8221;4.18.1&#8243; _module_preset=&#8221;default&#8221; background_image=&#8221;https:\/\/casamasamarbella.com\/wp-content\/uploads\/2022\/11\/banner2.jpg&#8221; height=&#8221;300px&#8221; custom_margin=&#8221;-100px||||false|false&#8221; custom_padding=&#8221;100px||||false|false&#8221; global_colors_info=&#8221;{}&#8221;][et_pb_row _builder_version=&#8221;4.18.1&#8243; _module_preset=&#8221;default&#8221; custom_padding=&#8221;||4px|||&#8221; global_colors_info=&#8221;{}&#8221;][et_pb_column type=&#8221;4_4&#8243; _builder_version=&#8221;4.18.1&#8243; _module_preset=&#8221;default&#8221; global_colors_info=&#8221;{}&#8221;][et_pb_text _builder_version=&#8221;4.18.1&#8243; _module_preset=&#8221;default&#8221; header_font=&#8221;BEBAS NEUE REGULAR|600|||||||&#8221; header_text_color=&#8221;#FFFFFF&#8221; header_font_size=&#8221;50px&#8221; header_letter_spacing=&#8221;1px&#8221; global_colors_info=&#8221;{}&#8221;]<\/p>\n<h1>BDSM&amp;SADO Dungeon Suite<\/h1>\n<p>[\/et_pb_text][lwp_divi_breadcrumbs link_color=&#8221;#FE316F&#8221; separator_color=&#8221;#FE316F&#8221; current_text_color=&#8221;#FFFFFF&#8221; _builder_version=&#8221;4.18.1&#8243; _module_preset=&#8221;default&#8221; global_colors_info=&#8221;{}&#8221;][\/lwp_divi_breadcrumbs][\/et_pb_column][\/et_pb_row][\/et_pb_section][et_pb_section fb_built=&#8221;1&#8243; admin_label=&#8221;Secci\u00f3n Base&#8221; _builder_version=&#8221;4.18.1&#8243; _module_preset=&#8221;default&#8221; background_color=&#8221;#04040A&#8221; global_colors_info=&#8221;{}&#8221;][et_pb_row column_structure=&#8221;3_5,2_5&#8243; _builder_version=&#8221;4.18.1&#8243; _module_preset=&#8221;default&#8221; global_colors_info=&#8221;{}&#8221;][et_pb_column type=&#8221;3_5&#8243; _builder_version=&#8221;4.18.1&#8243; _module_preset=&#8221;default&#8221; global_colors_info=&#8221;{}&#8221;][et_pb_text _builder_version=&#8221;4.18.1&#8243; _module_preset=&#8221;default&#8221; text_text_color=&#8221;#FFFFFF&#8221; header_2_font=&#8221;BEBAS NEUE REGULAR|600|||||||&#8221; header_2_text_color=&#8221;#FFFFFF&#8221; header_2_font_size=&#8221;50px&#8221; header_2_letter_spacing=&#8221;1px&#8221; header_3_font=&#8221;BEBAS NEUE REGULAR|600|||||||&#8221; header_3_text_color=&#8221;#FE316F&#8221; header_3_font_size=&#8221;24px&#8221; header_3_letter_spacing=&#8221;1px&#8221; global_colors_info=&#8221;{}&#8221;]<\/p>\n<h3>LASUITE AV BEG\u00c4R OCH BDSM I MARBELLA<\/h3>\n<p>Njut av dominans, bdsm, transformism, sado. En BDSM&amp;SADO dungeon svit i Marbella, d\u00e4r njutning, morbiditet, f\u00f6r\u00f6dmjukelse, fetischism, utrustad med l\u00e4der, med bondage m\u00f6bler, med en stor lyx av erotiska leksaker, d\u00e4r du kommer att kunna tillfredsst\u00e4lla och kommer att ha stor integritet och hygien.<\/p>\n<p><strong>I f\u00e4ngelseh\u00e5lan har du ett exklusivt utrymme d\u00e4r du kan l\u00e5ta din fantasi f\u00e5 fritt spelrum.<\/strong><\/p>\n<p>Du m\u00e5ste veta att BDSM st\u00e5r f\u00f6r lek\u00f6vningar med speciella scenarier f\u00f6r att g\u00f6ra dem mer lustfyllda v\u00e4nlighet och disciplin dominans och underkastelse sadism och masochism. Om du n\u00e5gonsin har velat uppleva BDSM-v\u00e4rlden och inte visste var du skulle g\u00f6ra det, kommer det inte att vara s\u00e4rskilt sv\u00e5rt att f\u00e5 ett perfekt m\u00f6te med din partner diskret och hygieniskt i v\u00e5r f\u00e4ngelseh\u00e5lssvit vi tar integritet och s\u00e4kerhet p\u00e5 st\u00f6rsta allvar, en milj\u00f6 skapad f\u00f6r njutning som g\u00f6r dad morra-sviten i Marbella till en av de b\u00e4sta i Spanien. Vi har mer \u00e4n 100 olika leksaker som \u00e4r utrustade med BDSM-m\u00f6bler.<\/p>\n<p>BSM. Sado. Dungeon. Masochism. Fetischism. Fetisch. Dominans. Underkastelse.femdon.maledon<\/p>\n<p>Beskrivning av f\u00e4ngelseh\u00e5lan<\/p>\n<ul>\n<li>Sugkoppar i silikon<\/li>\n<li>Ringar<\/li>\n<li>R\u00f6da och svarta masker<\/li>\n<li>Stimulator. G<\/li>\n<li>Kyskhetsb\u00e4lten<\/li>\n<li>Halsband och handbojor<\/li>\n<li>Dominatrix-kit<\/li>\n<li>Piskor<\/li>\n<li>50 nyanser<\/li>\n<li>Videor<\/li>\n<li>V\u00e4ndbara hand- och fotmanschetter<\/li>\n<li>sonder<\/li>\n<li>piercing halsband<\/li>\n<li>Potro-banco<\/li>\n<li>l\u00e4derarmband<\/li>\n<li>selar<\/li>\n<li>osv.<\/li>\n<\/ul>\n<p>Vi har latexkl\u00e4der f\u00f6r m\u00e4n, h\u00f6gklackat, peruker, smink, l\u00e4derkl\u00e4der, speglar, videor &#8230;<\/p>\n<h3>RESERVATIONER F\u00d6R DUNGEON SVITEN<\/h3>\n<p><strong>Alla rum kr\u00e4ver myndighets\u00e5lder<\/strong><\/p>\n<p>boka din svit i f\u00f6rv\u00e4g med PayPal<\/p>\n<p>Eller ring oss p\u00e5 <a href=\"tel:+34680554614\">0034 680554614<\/a><\/p>\n<p>Eller whatsapp.<\/p>\n<p>[\/et_pb_text][\/et_pb_column][et_pb_column type=&#8221;2_5&#8243; _builder_version=&#8221;4.18.1&#8243; _module_preset=&#8221;default&#8221; global_colors_info=&#8221;{}&#8221;][et_pb_image src=&#8221;https:\/\/casamasamarbella.com\/wp-content\/uploads\/2022\/11\/large_Friday24thJanuary2020122408PM.jpeg&#8221; alt=&#8221;Large Friday24thjanuary2020122408pm&#8221; title_text=&#8221;Large Friday24thjanuary2020122408pm&#8221; _builder_version=&#8221;4.18.1&#8243; _module_preset=&#8221;default&#8221; border_width_all=&#8221;1px&#8221; border_color_all=&#8221;#FE316F&#8221; box_shadow_style=&#8221;preset1&#8243; box_shadow_horizontal=&#8221;4px&#8221; box_shadow_vertical=&#8221;4px&#8221; box_shadow_blur=&#8221;59px&#8221; box_shadow_spread=&#8221;9px&#8221; box_shadow_color=&#8221;rgba(255,255,255,0.45)&#8221; global_colors_info=&#8221;{}&#8221;][\/et_pb_image][et_pb_image src=&#8221;https:\/\/casamasamarbella.com\/wp-content\/uploads\/2022\/11\/bondage3.jpeg&#8221; alt=&#8221;sala bondage&#8221; title_text=&#8221;Bondage3&#8243; _builder_version=&#8221;4.18.1&#8243; _module_preset=&#8221;default&#8221; border_width_all=&#8221;1px&#8221; border_color_all=&#8221;#FE316F&#8221; box_shadow_style=&#8221;preset1&#8243; box_shadow_horizontal=&#8221;4px&#8221; box_shadow_vertical=&#8221;4px&#8221; box_shadow_blur=&#8221;59px&#8221; box_shadow_spread=&#8221;9px&#8221; box_shadow_color=&#8221;rgba(255,255,255,0.45)&#8221; global_colors_info=&#8221;{}&#8221;][\/et_pb_image][et_pb_image src=&#8221;https:\/\/casamasamarbella.com\/wp-content\/uploads\/2022\/11\/bondage2.jpeg&#8221; alt=&#8221;sala bondage&#8221; title_text=&#8221;Bondage2&#8243; _builder_version=&#8221;4.18.1&#8243; _module_preset=&#8221;default&#8221; border_width_all=&#8221;1px&#8221; border_color_all=&#8221;#FE316F&#8221; box_shadow_style=&#8221;preset1&#8243; box_shadow_horizontal=&#8221;4px&#8221; box_shadow_vertical=&#8221;4px&#8221; box_shadow_blur=&#8221;59px&#8221; box_shadow_spread=&#8221;9px&#8221; box_shadow_color=&#8221;rgba(255,255,255,0.45)&#8221; global_colors_info=&#8221;{}&#8221;][\/et_pb_image][\/et_pb_column][\/et_pb_row][\/et_pb_section]<\/p>\n","protected":false},"excerpt":{"rendered":"<p>BDSM&amp;SADO Dungeon Suite<div class=\"et_pb_module lwp_divi_breadcrumbs lwp_divi_breadcrumbs_0\">\n\t\t\t\t\n\t\t\t\t\n\t\t\t\t\n\t\t\t\t\n\t\t\t\t\n\t\t\t\t\n\t\t\t\t<div class=\"et_pb_module_inner\">\n\t\t\t\t\t<div class=\"lwp-breadcrumbs\"> <span class=\"before\"><\/span> <span vocab=\"https:\/\/schema.org\/\" typeof=\"BreadcrumbList\"><span property=\"itemListElement\" typeof=\"ListItem\"><a property=\"item\" typeof=\"WebPage\" href=\"https:\/\/casamasamarbella.com\/sv\/\" class=\"home\"><span property=\"name\">Home<\/span><\/a><meta property=\"position\" content=\"1\"><\/span> <span class=\"separator et-pb-icon\">&amp;#x39;<\/span> <\/span><\/div>\n\t\t\t\t<\/div>\n\t\t\t<\/div>LASUITE AV BEG\u00c4R OCH BDSM I MARBELLA Njut av dominans, bdsm, transformism, sado. En BDSM&amp;SADO dungeon svit i Marbella, d\u00e4r njutning, morbiditet, f\u00f6r\u00f6dmjukelse, fetischism, utrustad med l\u00e4der, med bondage m\u00f6bler, med en stor lyx av erotiska leksaker, d\u00e4r du kommer att kunna tillfredsst\u00e4lla och kommer att ha [&hellip;]<\/p>\n","protected":false},"author":1,"featured_media":0,"parent":7199,"menu_order":0,"comment_status":"closed","ping_status":"closed","template":"","meta":{"_et_pb_use_builder":"on","_et_pb_old_content":"","_et_gb_content_width":"","_joinchat":[],"footnotes":""},"class_list":["post-7250","page","type-page","status-publish","hentry"],"_links":{"self":[{"href":"https:\/\/casamasamarbella.com\/sv\/wp-json\/wp\/v2\/pages\/7250","targetHints":{"allow":["GET"]}}],"collection":[{"href":"https:\/\/casamasamarbella.com\/sv\/wp-json\/wp\/v2\/pages"}],"about":[{"href":"https:\/\/casamasamarbella.com\/sv\/wp-json\/wp\/v2\/types\/page"}],"author":[{"embeddable":true,"href":"https:\/\/casamasamarbella.com\/sv\/wp-json\/wp\/v2\/users\/1"}],"replies":[{"embeddable":true,"href":"https:\/\/casamasamarbella.com\/sv\/wp-json\/wp\/v2\/comments?post=7250"}],"version-history":[{"count":0,"href":"https:\/\/casamasamarbella.com\/sv\/wp-json\/wp\/v2\/pages\/7250\/revisions"}],"up":[{"embeddable":true,"href":"https:\/\/casamasamarbella.com\/sv\/wp-json\/wp\/v2\/pages\/7199"}],"wp:attachment":[{"href":"https:\/\/casamasamarbella.com\/sv\/wp-json\/wp\/v2\/media?parent=7250"}],"curies":[{"name":"wp","href":"https:\/\/api.w.org\/{rel}","templated":true}]}}