{"id":7247,"date":"2022-11-15T15:36:03","date_gmt":"2022-11-15T15:36:03","guid":{"rendered":"https:\/\/casamasamarbella.com\/tjanster\/reflexologi\/"},"modified":"2022-11-28T16:05:20","modified_gmt":"2022-11-28T16:05:20","slug":"reflexologi","status":"publish","type":"page","link":"https:\/\/casamasamarbella.com\/sv\/tjanster\/reflexologi\/","title":{"rendered":"Reflexologi"},"content":{"rendered":"<p>[et_pb_section fb_built=&#8221;1&#8243; admin_label=&#8221;cabecera p\u00e1gina&#8221; _builder_version=&#8221;4.18.1&#8243; _module_preset=&#8221;default&#8221; background_image=&#8221;https:\/\/casamasamarbella.com\/wp-content\/uploads\/2022\/11\/banner2.jpg&#8221; height=&#8221;300px&#8221; custom_margin=&#8221;-100px||||false|false&#8221; custom_padding=&#8221;100px||||false|false&#8221; global_colors_info=&#8221;{}&#8221;][et_pb_row _builder_version=&#8221;4.18.1&#8243; _module_preset=&#8221;default&#8221; custom_padding=&#8221;||4px|||&#8221; global_colors_info=&#8221;{}&#8221;][et_pb_column type=&#8221;4_4&#8243; _builder_version=&#8221;4.18.1&#8243; _module_preset=&#8221;default&#8221; global_colors_info=&#8221;{}&#8221;][et_pb_text _builder_version=&#8221;4.18.1&#8243; _module_preset=&#8221;default&#8221; header_font=&#8221;BEBAS NEUE REGULAR|600|||||||&#8221; header_text_color=&#8221;#FFFFFF&#8221; header_font_size=&#8221;50px&#8221; header_letter_spacing=&#8221;1px&#8221; global_colors_info=&#8221;{}&#8221;]<\/p>\n<h1>Reflexologi<\/h1>\n<p>[\/et_pb_text][lwp_divi_breadcrumbs link_color=&#8221;#FE316F&#8221; separator_color=&#8221;#FE316F&#8221; current_text_color=&#8221;#FFFFFF&#8221; _builder_version=&#8221;4.18.1&#8243; _module_preset=&#8221;default&#8221; global_colors_info=&#8221;{}&#8221;][\/lwp_divi_breadcrumbs][\/et_pb_column][\/et_pb_row][\/et_pb_section][et_pb_section fb_built=&#8221;1&#8243; admin_label=&#8221;Secci\u00f3n Base&#8221; _builder_version=&#8221;4.18.1&#8243; _module_preset=&#8221;default&#8221; background_color=&#8221;#04040A&#8221; global_colors_info=&#8221;{}&#8221;][et_pb_row column_structure=&#8221;3_5,2_5&#8243; _builder_version=&#8221;4.18.1&#8243; _module_preset=&#8221;default&#8221; global_colors_info=&#8221;{}&#8221;][et_pb_column type=&#8221;3_5&#8243; _builder_version=&#8221;4.18.1&#8243; _module_preset=&#8221;default&#8221; global_colors_info=&#8221;{}&#8221;][et_pb_text _builder_version=&#8221;4.18.1&#8243; _module_preset=&#8221;default&#8221; text_text_color=&#8221;#FFFFFF&#8221; header_2_font=&#8221;BEBAS NEUE REGULAR|600|||||||&#8221; header_2_text_color=&#8221;#FFFFFF&#8221; header_2_font_size=&#8221;50px&#8221; header_2_letter_spacing=&#8221;1px&#8221; header_3_font=&#8221;BEBAS NEUE REGULAR|600|||||||&#8221; header_3_text_color=&#8221;#FE316F&#8221; header_3_font_size=&#8221;24px&#8221; header_3_letter_spacing=&#8221;1px&#8221; global_colors_info=&#8221;{}&#8221;]<\/p>\n<p>Reflexologi best\u00e5r av massage av f\u00f6tterna f\u00f6r att lindra vissa sjukdomar och sp\u00e4nningar. Det finns specifika omr\u00e5den p\u00e5 foten som representerar kroppens alla organ och genom att <strong>stimulera dessa omr\u00e5den<\/strong> manuellt kan vi lindra sm\u00e4rta, underl\u00e4tta <strong>eliminering av gifter och<\/strong> f\u00f6rebygga vissa sjukdomar och h\u00e4lsoproblem.<\/p>\n<p>Kanalisering av sexuell energi, vilket g\u00f6r en massage tantrisk. Inte sj\u00e4lva tekniken. Teknik spelar ingen roll, teknik utan hj\u00e4rta spelar ingen roll, utan n\u00e4rvaro spelar ingen roll, det \u00e4r bara n\u00e5gra strukturerade steg.<\/p>\n<p>[\/et_pb_text][\/et_pb_column][et_pb_column type=&#8221;2_5&#8243; _builder_version=&#8221;4.18.1&#8243; _module_preset=&#8221;default&#8221; global_colors_info=&#8221;{}&#8221;][et_pb_image src=&#8221;https:\/\/casamasamarbella.com\/wp-content\/uploads\/2022\/11\/large_Thursday17thAugust2017082705AM.jpg&#8221; alt=&#8221;Reflexolog\u00eda&#8221; title_text=&#8221;Reflexolog\u00eda&#8221; _builder_version=&#8221;4.18.1&#8243; _module_preset=&#8221;default&#8221; border_width_all=&#8221;1px&#8221; border_color_all=&#8221;#FE316F&#8221; box_shadow_style=&#8221;preset1&#8243; box_shadow_horizontal=&#8221;4px&#8221; box_shadow_vertical=&#8221;4px&#8221; box_shadow_blur=&#8221;59px&#8221; box_shadow_spread=&#8221;9px&#8221; box_shadow_color=&#8221;rgba(255,255,255,0.45)&#8221; global_colors_info=&#8221;{}&#8221;][\/et_pb_image][\/et_pb_column][\/et_pb_row][\/et_pb_section]<\/p>\n","protected":false},"excerpt":{"rendered":"<p>Reflexologi<div class=\"et_pb_module lwp_divi_breadcrumbs lwp_divi_breadcrumbs_0\">\n\t\t\t\t\n\t\t\t\t\n\t\t\t\t\n\t\t\t\t\n\t\t\t\t\n\t\t\t\t\n\t\t\t\t<div class=\"et_pb_module_inner\">\n\t\t\t\t\t<div class=\"lwp-breadcrumbs\"> <span class=\"before\"><\/span> <span vocab=\"https:\/\/schema.org\/\" typeof=\"BreadcrumbList\"><span property=\"itemListElement\" typeof=\"ListItem\"><a property=\"item\" typeof=\"WebPage\" href=\"https:\/\/casamasamarbella.com\/sv\/\" class=\"home\"><span property=\"name\">Home<\/span><\/a><meta property=\"position\" content=\"1\"><\/span> <span class=\"separator et-pb-icon\">&amp;#x39;<\/span> <\/span><\/div>\n\t\t\t\t<\/div>\n\t\t\t<\/div>Reflexologi best\u00e5r av massage av f\u00f6tterna f\u00f6r att lindra vissa sjukdomar och sp\u00e4nningar. Det finns specifika omr\u00e5den p\u00e5 foten som representerar kroppens alla organ och genom att stimulera dessa omr\u00e5den manuellt kan vi lindra sm\u00e4rta, underl\u00e4tta eliminering av gifter och f\u00f6rebygga vissa sjukdomar och h\u00e4lsoproblem. Kanalisering av sexuell energi, [&hellip;]<\/p>\n","protected":false},"author":1,"featured_media":0,"parent":7199,"menu_order":0,"comment_status":"closed","ping_status":"closed","template":"","meta":{"_et_pb_use_builder":"on","_et_pb_old_content":"","_et_gb_content_width":"","_joinchat":[],"footnotes":""},"class_list":["post-7247","page","type-page","status-publish","hentry"],"_links":{"self":[{"href":"https:\/\/casamasamarbella.com\/sv\/wp-json\/wp\/v2\/pages\/7247","targetHints":{"allow":["GET"]}}],"collection":[{"href":"https:\/\/casamasamarbella.com\/sv\/wp-json\/wp\/v2\/pages"}],"about":[{"href":"https:\/\/casamasamarbella.com\/sv\/wp-json\/wp\/v2\/types\/page"}],"author":[{"embeddable":true,"href":"https:\/\/casamasamarbella.com\/sv\/wp-json\/wp\/v2\/users\/1"}],"replies":[{"embeddable":true,"href":"https:\/\/casamasamarbella.com\/sv\/wp-json\/wp\/v2\/comments?post=7247"}],"version-history":[{"count":0,"href":"https:\/\/casamasamarbella.com\/sv\/wp-json\/wp\/v2\/pages\/7247\/revisions"}],"up":[{"embeddable":true,"href":"https:\/\/casamasamarbella.com\/sv\/wp-json\/wp\/v2\/pages\/7199"}],"wp:attachment":[{"href":"https:\/\/casamasamarbella.com\/sv\/wp-json\/wp\/v2\/media?parent=7247"}],"curies":[{"name":"wp","href":"https:\/\/api.w.org\/{rel}","templated":true}]}}