{"id":7223,"date":"2022-11-15T15:34:17","date_gmt":"2022-11-15T15:34:17","guid":{"rendered":"https:\/\/casamasamarbella.com\/tjanster\/lomi-lomi-massage\/"},"modified":"2022-11-28T15:26:47","modified_gmt":"2022-11-28T15:26:47","slug":"lomi-lomi-massage","status":"publish","type":"page","link":"https:\/\/casamasamarbella.com\/sv\/tjanster\/lomi-lomi-massage\/","title":{"rendered":"Lomi lomi massage"},"content":{"rendered":"<p>[et_pb_section fb_built=&#8221;1&#8243; admin_label=&#8221;cabecera p\u00e1gina&#8221; _builder_version=&#8221;4.18.1&#8243; _module_preset=&#8221;default&#8221; background_image=&#8221;https:\/\/casamasamarbella.com\/wp-content\/uploads\/2022\/11\/banner2.jpg&#8221; height=&#8221;300px&#8221; custom_margin=&#8221;-100px||||false|false&#8221; custom_padding=&#8221;100px||||false|false&#8221; global_colors_info=&#8221;{}&#8221;][et_pb_row _builder_version=&#8221;4.18.1&#8243; _module_preset=&#8221;default&#8221; custom_padding=&#8221;||4px|||&#8221; global_colors_info=&#8221;{}&#8221;][et_pb_column type=&#8221;4_4&#8243; _builder_version=&#8221;4.18.1&#8243; _module_preset=&#8221;default&#8221; global_colors_info=&#8221;{}&#8221;][et_pb_text _builder_version=&#8221;4.18.1&#8243; _module_preset=&#8221;default&#8221; header_font=&#8221;BEBAS NEUE REGULAR|600|||||||&#8221; header_text_color=&#8221;#FFFFFF&#8221; header_font_size=&#8221;50px&#8221; header_letter_spacing=&#8221;1px&#8221; global_colors_info=&#8221;{}&#8221;]<\/p>\n<h1>Lomi lomi massage<\/h1>\n<p>[\/et_pb_text][lwp_divi_breadcrumbs link_color=&#8221;#FE316F&#8221; separator_color=&#8221;#FE316F&#8221; current_text_color=&#8221;#FFFFFF&#8221; _builder_version=&#8221;4.18.1&#8243; _module_preset=&#8221;default&#8221; global_colors_info=&#8221;{}&#8221;][\/lwp_divi_breadcrumbs][\/et_pb_column][\/et_pb_row][\/et_pb_section][et_pb_section fb_built=&#8221;1&#8243; admin_label=&#8221;Secci\u00f3n Base&#8221; _builder_version=&#8221;4.18.1&#8243; _module_preset=&#8221;default&#8221; background_color=&#8221;#04040A&#8221; global_colors_info=&#8221;{}&#8221;][et_pb_row column_structure=&#8221;3_5,2_5&#8243; _builder_version=&#8221;4.18.1&#8243; _module_preset=&#8221;default&#8221; global_colors_info=&#8221;{}&#8221;][et_pb_column type=&#8221;3_5&#8243; _builder_version=&#8221;4.18.1&#8243; _module_preset=&#8221;default&#8221; global_colors_info=&#8221;{}&#8221;][et_pb_text _builder_version=&#8221;4.18.1&#8243; _module_preset=&#8221;default&#8221; text_text_color=&#8221;#FFFFFF&#8221; header_2_font=&#8221;BEBAS NEUE REGULAR|600|||||||&#8221; header_2_text_color=&#8221;#FFFFFF&#8221; header_2_font_size=&#8221;50px&#8221; header_2_letter_spacing=&#8221;1px&#8221; header_3_font=&#8221;BEBAS NEUE REGULAR|600|||||||&#8221; header_3_text_color=&#8221;#FE316F&#8221; header_3_font_size=&#8221;24px&#8221; header_3_letter_spacing=&#8221;1px&#8221; global_colors_info=&#8221;{}&#8221;]<\/p>\n<p><strong>Hawaiimassage<\/strong>, \u00e4ven kallad <strong>lomi lomi nui-massage<\/strong>, \u00e4r ett fantastiskt s\u00e4tt att stimulera och slappna av i musklerna. Denna form av heligt kroppsarbete kommer huvudsakligen fr\u00e5n de andliga traditionerna hos de ursprungliga Hawaiianerna i <strong>Polynesien<\/strong>. Dessa traditioner fr\u00e5n tiden f\u00f6re den v\u00e4sterl\u00e4ndska kolonisationen behandlade kropp och sinne med hj\u00e4lp av den<em> inhemska Huna-filosofin<\/em> och ingick i en invigningsritual som enbart praktiserades i tempel eller<strong>&#8221;Heiau<\/strong>&#8221;.<\/p>\n<p>Lomi Lomi avslappnar nervsystemet, \u00f6kar cirkulationen och skapar en p\u00e5taglig k\u00e4nsla av v\u00e4lbefinnande. Det \u00e4r anv\u00e4ndbart f\u00f6r att uppr\u00e4tth\u00e5lla h\u00e4lsa och f\u00f6r att lindra sm\u00e4rta fr\u00e5n f\u00f6r\u00f6dande skador och sjukdomar. Den kallas ibland f\u00f6r &#8221;massagedans&#8221; och \u00e4r lika underbar att ge som att ta emot.<\/p>\n<p>[\/et_pb_text][\/et_pb_column][et_pb_column type=&#8221;2_5&#8243; _builder_version=&#8221;4.18.1&#8243; _module_preset=&#8221;default&#8221; global_colors_info=&#8221;{}&#8221;][et_pb_image src=&#8221;https:\/\/casamasamarbella.com\/wp-content\/uploads\/2022\/11\/large_Thursday17thAugust2017081214AM.jpg&#8221; alt=&#8221;Masaje lomi lomi&#8221; title_text=&#8221;Masaje lomi lomi&#8221; _builder_version=&#8221;4.18.1&#8243; _module_preset=&#8221;default&#8221; border_width_all=&#8221;1px&#8221; border_color_all=&#8221;#FE316F&#8221; box_shadow_style=&#8221;preset1&#8243; box_shadow_horizontal=&#8221;4px&#8221; box_shadow_vertical=&#8221;4px&#8221; box_shadow_blur=&#8221;59px&#8221; box_shadow_spread=&#8221;9px&#8221; box_shadow_color=&#8221;rgba(255,255,255,0.45)&#8221; global_colors_info=&#8221;{}&#8221;][\/et_pb_image][\/et_pb_column][\/et_pb_row][\/et_pb_section]<\/p>\n","protected":false},"excerpt":{"rendered":"<p>Lomi lomi massage<div class=\"et_pb_module lwp_divi_breadcrumbs lwp_divi_breadcrumbs_0\">\n\t\t\t\t\n\t\t\t\t\n\t\t\t\t\n\t\t\t\t\n\t\t\t\t\n\t\t\t\t\n\t\t\t\t<div class=\"et_pb_module_inner\">\n\t\t\t\t\t<div class=\"lwp-breadcrumbs\"> <span class=\"before\"><\/span> <span vocab=\"https:\/\/schema.org\/\" typeof=\"BreadcrumbList\"><span property=\"itemListElement\" typeof=\"ListItem\"><a property=\"item\" typeof=\"WebPage\" href=\"https:\/\/casamasamarbella.com\/sv\/\" class=\"home\"><span property=\"name\">Home<\/span><\/a><meta property=\"position\" content=\"1\"><\/span> <span class=\"separator et-pb-icon\">&amp;#x39;<\/span> <\/span><\/div>\n\t\t\t\t<\/div>\n\t\t\t<\/div>Hawaiimassage, \u00e4ven kallad lomi lomi nui-massage, \u00e4r ett fantastiskt s\u00e4tt att stimulera och slappna av i musklerna. Denna form av heligt kroppsarbete kommer huvudsakligen fr\u00e5n de andliga traditionerna hos de ursprungliga Hawaiianerna i Polynesien. Dessa traditioner fr\u00e5n tiden f\u00f6re den v\u00e4sterl\u00e4ndska kolonisationen behandlade kropp och sinne med [&hellip;]<\/p>\n","protected":false},"author":1,"featured_media":0,"parent":7199,"menu_order":0,"comment_status":"closed","ping_status":"closed","template":"","meta":{"_et_pb_use_builder":"on","_et_pb_old_content":"","_et_gb_content_width":"","_joinchat":[],"footnotes":""},"class_list":["post-7223","page","type-page","status-publish","hentry"],"_links":{"self":[{"href":"https:\/\/casamasamarbella.com\/sv\/wp-json\/wp\/v2\/pages\/7223","targetHints":{"allow":["GET"]}}],"collection":[{"href":"https:\/\/casamasamarbella.com\/sv\/wp-json\/wp\/v2\/pages"}],"about":[{"href":"https:\/\/casamasamarbella.com\/sv\/wp-json\/wp\/v2\/types\/page"}],"author":[{"embeddable":true,"href":"https:\/\/casamasamarbella.com\/sv\/wp-json\/wp\/v2\/users\/1"}],"replies":[{"embeddable":true,"href":"https:\/\/casamasamarbella.com\/sv\/wp-json\/wp\/v2\/comments?post=7223"}],"version-history":[{"count":0,"href":"https:\/\/casamasamarbella.com\/sv\/wp-json\/wp\/v2\/pages\/7223\/revisions"}],"up":[{"embeddable":true,"href":"https:\/\/casamasamarbella.com\/sv\/wp-json\/wp\/v2\/pages\/7199"}],"wp:attachment":[{"href":"https:\/\/casamasamarbella.com\/sv\/wp-json\/wp\/v2\/media?parent=7223"}],"curies":[{"name":"wp","href":"https:\/\/api.w.org\/{rel}","templated":true}]}}