{"id":7217,"date":"2022-11-15T15:43:11","date_gmt":"2022-11-15T15:43:11","guid":{"rendered":"https:\/\/casamasamarbella.com\/tjanster\/kropp-kroppsmassage\/"},"modified":"2022-11-28T16:16:12","modified_gmt":"2022-11-28T16:16:12","slug":"kropp-kroppsmassage","status":"publish","type":"page","link":"https:\/\/casamasamarbella.com\/sv\/tjanster\/kropp-kroppsmassage\/","title":{"rendered":"Kropp Kroppsmassage"},"content":{"rendered":"<p>[et_pb_section fb_built=&#8221;1&#8243; admin_label=&#8221;cabecera p\u00e1gina&#8221; _builder_version=&#8221;4.18.1&#8243; _module_preset=&#8221;default&#8221; background_image=&#8221;https:\/\/casamasamarbella.com\/wp-content\/uploads\/2022\/11\/banner2.jpg&#8221; height=&#8221;300px&#8221; custom_margin=&#8221;-100px||||false|false&#8221; custom_padding=&#8221;100px||||false|false&#8221; global_colors_info=&#8221;{}&#8221;][et_pb_row _builder_version=&#8221;4.18.1&#8243; _module_preset=&#8221;default&#8221; custom_padding=&#8221;||4px|||&#8221; global_colors_info=&#8221;{}&#8221;][et_pb_column type=&#8221;4_4&#8243; _builder_version=&#8221;4.18.1&#8243; _module_preset=&#8221;default&#8221; global_colors_info=&#8221;{}&#8221;][et_pb_text _builder_version=&#8221;4.18.1&#8243; _module_preset=&#8221;default&#8221; header_font=&#8221;BEBAS NEUE REGULAR|600|||||||&#8221; header_text_color=&#8221;#FFFFFF&#8221; header_font_size=&#8221;50px&#8221; header_letter_spacing=&#8221;1px&#8221; global_colors_info=&#8221;{}&#8221;]<\/p>\n<h1>Kroppskroppsmassage<\/h1>\n<p>[\/et_pb_text][lwp_divi_breadcrumbs link_color=&#8221;#FE316F&#8221; separator_color=&#8221;#FE316F&#8221; current_text_color=&#8221;#FFFFFF&#8221; _builder_version=&#8221;4.18.1&#8243; _module_preset=&#8221;default&#8221; global_colors_info=&#8221;{}&#8221;][\/lwp_divi_breadcrumbs][\/et_pb_column][\/et_pb_row][\/et_pb_section][et_pb_section fb_built=&#8221;1&#8243; admin_label=&#8221;Secci\u00f3n Base&#8221; _builder_version=&#8221;4.18.1&#8243; _module_preset=&#8221;default&#8221; background_color=&#8221;#04040A&#8221; global_colors_info=&#8221;{}&#8221;][et_pb_row column_structure=&#8221;3_5,2_5&#8243; _builder_version=&#8221;4.18.1&#8243; _module_preset=&#8221;default&#8221; global_colors_info=&#8221;{}&#8221;][et_pb_column type=&#8221;3_5&#8243; _builder_version=&#8221;4.18.1&#8243; _module_preset=&#8221;default&#8221; global_colors_info=&#8221;{}&#8221;][et_pb_text _builder_version=&#8221;4.18.1&#8243; _module_preset=&#8221;default&#8221; text_text_color=&#8221;#FFFFFF&#8221; header_2_font=&#8221;BEBAS NEUE REGULAR|600|||||||&#8221; header_2_text_color=&#8221;#FFFFFF&#8221; header_2_font_size=&#8221;50px&#8221; header_2_letter_spacing=&#8221;1px&#8221; header_3_font=&#8221;BEBAS NEUE REGULAR|600|||||||&#8221; header_3_text_color=&#8221;#FE316F&#8221; header_3_font_size=&#8221;24px&#8221; header_3_letter_spacing=&#8221;1px&#8221; global_colors_info=&#8221;{}&#8221;]<\/p>\n<p><strong>Nuru-massage<\/strong> \u00e4r f\u00f6rmodligen en av de mest sp\u00e4nnande erotiska massageformerna. Den h\u00e4r massagen kommer fr\u00e5n Japan, d\u00e4r nuru nuru betyder glidande eller glidande.<\/p>\n<p>Vid nuru-massage anv\u00e4nder mass\u00f6ren sin egen kropp, inte bara sina h\u00e4nder, f\u00f6r att ge massagen, vilket \u00e4r anledningen till att den ocks\u00e5 kallas f\u00f6r <strong>kropp-mot-kropp-massage<\/strong>.<\/p>\n<p>F\u00f6rst kl\u00e4r sig mass\u00f6ren och mottagaren av helt och h\u00e5llet. D\u00e4refter l\u00e4gger sig mottagaren p\u00e5 en madrass och mass\u00f6ren t\u00e4cker hans kropp med en glidande massagegel.<\/p>\n<p>Mass\u00f6ren st\u00e5r sedan \u00f6ver mottagaren och anv\u00e4nder br\u00f6st, ben, skinkor och andra delar av kroppen f\u00f6r att trycka och stimulera olika omr\u00e5den. Massagen b\u00f6rjar vanligtvis med de omr\u00e5den som \u00e4r mest p\u00e5verkade av stress, som axlar och rygg, f\u00f6r att sedan g\u00e5 vidare till andra k\u00e4nsligare omr\u00e5den som nacke, engelska, hand&#8230;<\/p>\n<p>Nu vet du varf\u00f6r nuru-massage \u00e4r s\u00e5 sensuellt. Om du vill ha en avkopplande och erotisk massage p\u00e5 samma g\u00e5ng \u00e4r detta ditt b\u00e4sta alternativ.<\/p>\n<p>[\/et_pb_text][\/et_pb_column][et_pb_column type=&#8221;2_5&#8243; _builder_version=&#8221;4.18.1&#8243; _module_preset=&#8221;default&#8221; global_colors_info=&#8221;{}&#8221;][et_pb_image src=&#8221;https:\/\/casamasamarbella.com\/wp-content\/uploads\/2022\/11\/large_Thursday17thAugust2017083057AM.jpg&#8221; alt=&#8221;Kroppskroppsmassage&#8221; title_text=&#8221;Kroppskroppsmassage&#8221; _builder_version=&#8221;4.18.1&#8243; _module_preset=&#8221;default&#8221; border_width_all=&#8221;1px&#8221; border_color_all=&#8221;#FE316F&#8221; box_shadow_style=&#8221;preset1&#8243; box_shadow_horizontal=&#8221;4px&#8221; box_shadow_vertical=&#8221;4px&#8221; box_shadow_blur=&#8221;59px&#8221; box_shadow_spread=&#8221;9px&#8221; box_shadow_color=&#8221;rgba(255,255,255,0.45)&#8221; global_colors_info=&#8221;{}&#8221;][\/et_pb_image][\/et_pb_column][\/et_pb_row][\/et_pb_section]<\/p>\n","protected":false},"excerpt":{"rendered":"<p>Kroppskroppsmassage<div class=\"et_pb_module lwp_divi_breadcrumbs lwp_divi_breadcrumbs_0\">\n\t\t\t\t\n\t\t\t\t\n\t\t\t\t\n\t\t\t\t\n\t\t\t\t\n\t\t\t\t\n\t\t\t\t<div class=\"et_pb_module_inner\">\n\t\t\t\t\t<div class=\"lwp-breadcrumbs\"> <span class=\"before\"><\/span> <span vocab=\"https:\/\/schema.org\/\" typeof=\"BreadcrumbList\"><span property=\"itemListElement\" typeof=\"ListItem\"><a property=\"item\" typeof=\"WebPage\" href=\"https:\/\/casamasamarbella.com\/sv\/\" class=\"home\"><span property=\"name\">Home<\/span><\/a><meta property=\"position\" content=\"1\"><\/span> <span class=\"separator et-pb-icon\">&amp;#x39;<\/span> <\/span><\/div>\n\t\t\t\t<\/div>\n\t\t\t<\/div>Nuru-massage \u00e4r f\u00f6rmodligen en av de mest sp\u00e4nnande erotiska massageformerna. Den h\u00e4r massagen kommer fr\u00e5n Japan, d\u00e4r nuru nuru betyder glidande eller glidande. Vid nuru-massage anv\u00e4nder mass\u00f6ren sin egen kropp, inte bara sina h\u00e4nder, f\u00f6r att ge massagen, vilket \u00e4r anledningen till att den ocks\u00e5 kallas f\u00f6r kropp-mot-kropp-massage. F\u00f6rst [&hellip;]<\/p>\n","protected":false},"author":1,"featured_media":0,"parent":7199,"menu_order":0,"comment_status":"closed","ping_status":"closed","template":"","meta":{"_et_pb_use_builder":"on","_et_pb_old_content":"","_et_gb_content_width":"","_joinchat":[],"footnotes":""},"class_list":["post-7217","page","type-page","status-publish","hentry"],"_links":{"self":[{"href":"https:\/\/casamasamarbella.com\/sv\/wp-json\/wp\/v2\/pages\/7217","targetHints":{"allow":["GET"]}}],"collection":[{"href":"https:\/\/casamasamarbella.com\/sv\/wp-json\/wp\/v2\/pages"}],"about":[{"href":"https:\/\/casamasamarbella.com\/sv\/wp-json\/wp\/v2\/types\/page"}],"author":[{"embeddable":true,"href":"https:\/\/casamasamarbella.com\/sv\/wp-json\/wp\/v2\/users\/1"}],"replies":[{"embeddable":true,"href":"https:\/\/casamasamarbella.com\/sv\/wp-json\/wp\/v2\/comments?post=7217"}],"version-history":[{"count":0,"href":"https:\/\/casamasamarbella.com\/sv\/wp-json\/wp\/v2\/pages\/7217\/revisions"}],"up":[{"embeddable":true,"href":"https:\/\/casamasamarbella.com\/sv\/wp-json\/wp\/v2\/pages\/7199"}],"wp:attachment":[{"href":"https:\/\/casamasamarbella.com\/sv\/wp-json\/wp\/v2\/media?parent=7217"}],"curies":[{"name":"wp","href":"https:\/\/api.w.org\/{rel}","templated":true}]}}