{"id":7195,"date":"2022-11-17T09:24:33","date_gmt":"2022-11-17T07:24:33","guid":{"rendered":"https:\/\/casamasamarbella.com\/bokningar\/"},"modified":"2022-11-23T10:31:55","modified_gmt":"2022-11-23T10:31:55","slug":"bokningar","status":"publish","type":"page","link":"https:\/\/casamasamarbella.com\/sv\/bokningar\/","title":{"rendered":"Bokningar"},"content":{"rendered":"<p>[et_pb_section fb_built=&#8221;1&#8243; admin_label=&#8221;cabecera p\u00e1gina&#8221; _builder_version=&#8221;4.18.1&#8243; _module_preset=&#8221;default&#8221; background_image=&#8221;https:\/\/casamasamarbella.com\/wp-content\/uploads\/2022\/11\/banner2.jpg&#8221; height=&#8221;300px&#8221; custom_margin=&#8221;-100px||||false|false&#8221; custom_padding=&#8221;100px||||false|false&#8221; hover_enabled=&#8221;0&#8243; saved_tabs=&#8221;all&#8221; global_colors_info=&#8221;{}&#8221; alt=&#8221;Banner2&#8243; title_text=&#8221;Banner2&#8243; sticky_enabled=&#8221;0&#8243;][et_pb_row _builder_version=&#8221;4.18.1&#8243; _module_preset=&#8221;default&#8221; custom_padding=&#8221;||4px|||&#8221; hover_enabled=&#8221;0&#8243; global_colors_info=&#8221;{}&#8221; sticky_enabled=&#8221;0&#8243;][et_pb_column type=&#8221;4_4&#8243; _builder_version=&#8221;4.18.1&#8243; _module_preset=&#8221;default&#8221; global_colors_info=&#8221;{}&#8221;][et_pb_text _builder_version=&#8221;4.18.1&#8243; _module_preset=&#8221;default&#8221; header_font=&#8221;BEBAS NEUE REGULAR|600|||||||&#8221; header_text_color=&#8221;#FFFFFF&#8221; header_font_size=&#8221;50px&#8221; header_letter_spacing=&#8221;1px&#8221; hover_enabled=&#8221;0&#8243; global_colors_info=&#8221;{}&#8221; sticky_enabled=&#8221;0&#8243;]<\/p>\n<h1>bokningar<\/h1>\n<p>[\/et_pb_text][lwp_divi_breadcrumbs link_color=&#8221;#FE316F&#8221; separator_color=&#8221;#FE316F&#8221; current_text_color=&#8221;#FFFFFF&#8221; _builder_version=&#8221;4.18.1&#8243; _module_preset=&#8221;default&#8221; global_colors_info=&#8221;{}&#8221;][\/lwp_divi_breadcrumbs][\/et_pb_column][\/et_pb_row][\/et_pb_section][et_pb_section fb_built=&#8221;1&#8243; admin_label=&#8221;Secci\u00f3n Base&#8221; _builder_version=&#8221;4.18.1&#8243; _module_preset=&#8221;default&#8221; background_color=&#8221;#04040A&#8221; global_colors_info=&#8221;{}&#8221;][et_pb_row column_structure=&#8221;1_5,3_5,1_5&#8243; _builder_version=&#8221;4.18.1&#8243; _module_preset=&#8221;default&#8221; global_colors_info=&#8221;{}&#8221;][et_pb_column type=&#8221;1_5&#8243; _builder_version=&#8221;4.18.1&#8243; _module_preset=&#8221;default&#8221; global_colors_info=&#8221;{}&#8221;][\/et_pb_column][et_pb_column type=&#8221;3_5&#8243; _builder_version=&#8221;4.18.1&#8243; _module_preset=&#8221;default&#8221; global_colors_info=&#8221;{}&#8221;][et_pb_text _builder_version=&#8221;4.18.1&#8243; _module_preset=&#8221;default&#8221; header_2_font=&#8221;BEBAS NEUE REGULAR|600|||||||&#8221; header_2_text_color=&#8221;#FFFFFF&#8221; header_2_font_size=&#8221;50px&#8221; header_2_letter_spacing=&#8221;1px&#8221; header_3_font=&#8221;BEBAS NEUE REGULAR|600|||||||&#8221; header_3_text_color=&#8221;#FE316F&#8221; header_3_font_size=&#8221;24px&#8221; header_3_letter_spacing=&#8221;1px&#8221; hover_enabled=&#8221;0&#8243; global_colors_info=&#8221;{}&#8221; sticky_enabled=&#8221;0&#8243; custom_margin=&#8221;||50px|||&#8221;]<\/p>\n<h3 style=\"text-align: center;\">Boka in ditt bes\u00f6k p\u00e5 casa masa<\/h3>\n<h2 style=\"text-align: center;\">g\u00f6ra din bokning<\/h2>\n<p>[\/et_pb_text][et_pb_text _builder_version=&#8221;4.18.1&#8243; _module_preset=&#8221;default&#8221; text_font=&#8221;||||||||&#8221; text_text_color=&#8221;#FFFFFF&#8221; text_font_size=&#8221;16px&#8221; header_2_font=&#8221;BEBAS NEUE REGULAR|600|||||||&#8221; header_2_text_color=&#8221;#FFFFFF&#8221; header_2_font_size=&#8221;50px&#8221; header_2_letter_spacing=&#8221;1px&#8221; header_3_font=&#8221;BEBAS NEUE REGULAR|600|||||||&#8221; header_3_text_color=&#8221;#FE316F&#8221; header_3_font_size=&#8221;24px&#8221; header_3_letter_spacing=&#8221;1px&#8221; hover_enabled=&#8221;0&#8243; global_colors_info=&#8221;{}&#8221; sticky_enabled=&#8221;0&#8243; header_4_text_color=&#8221;#FFFFFF&#8221; custom_margin=&#8221;||10px|||&#8221;]<\/p>\n<h4 style=\"text-align: center;\">RUM, SVITER OCH VILLOR<\/h4>\n<p style=\"text-align: center;\"><span>V\u00e5ra lyxiga rum har en unik vintage och exklusiv atmosf\u00e4r. Alla \u00e4r bekv\u00e4mt utrustade med sittgrupp, utsikt \u00f6ver poolen och havet. De har king size-s\u00e4ngar, dusch, jacuzzi, gratis WIFI, Smart TV, servicerum, badrock, handdukar och tofflor.<\/span><\/p>\n<p>[\/et_pb_text][\/et_pb_column][et_pb_column type=&#8221;1_5&#8243; _builder_version=&#8221;4.18.1&#8243; _module_preset=&#8221;default&#8221; global_colors_info=&#8221;{}&#8221;][\/et_pb_column][\/et_pb_row][et_pb_row column_structure=&#8221;2_3,1_3&#8243; _builder_version=&#8221;4.18.1&#8243; _module_preset=&#8221;default&#8221; hover_enabled=&#8221;0&#8243; global_colors_info=&#8221;{}&#8221; custom_padding=&#8221;60px||||false|false&#8221; custom_padding_last_edited=&#8221;on|desktop&#8221; sticky_enabled=&#8221;0&#8243; custom_padding_tablet=&#8221;0px||||false|false&#8221; custom_padding_phone=&#8221;0px||||false|false&#8221;][et_pb_column type=&#8221;2_3&#8243; _builder_version=&#8221;4.18.1&#8243; _module_preset=&#8221;default&#8221; global_colors_info=&#8221;{}&#8221;][et_pb_text _builder_version=&#8221;4.18.1&#8243; _module_preset=&#8221;default&#8221; text_font=&#8221;|300|||||||&#8221; text_text_color=&#8221;#FFFFFF&#8221; text_font_size=&#8221;16px&#8221; header_2_font=&#8221;BEBAS NEUE REGULAR|600|||||||&#8221; header_2_text_color=&#8221;#FFFFFF&#8221; header_2_font_size=&#8221;50px&#8221; header_2_letter_spacing=&#8221;1px&#8221; header_3_font=&#8221;BEBAS NEUE REGULAR|600|||||||&#8221; header_3_text_color=&#8221;#FE316F&#8221; header_3_font_size=&#8221;24px&#8221; header_3_letter_spacing=&#8221;1px&#8221; hover_enabled=&#8221;0&#8243; global_colors_info=&#8221;{}&#8221; sticky_enabled=&#8221;0&#8243; header_4_text_color=&#8221;#FFFFFF&#8221;]<\/p>\n<h4 style=\"text-align: left;\"><strong>V\u00e4lj rum, dag och tid f\u00f6r ditt bes\u00f6k.<\/strong><\/h4>\n<p style=\"text-align: left;\">Gl\u00f6m inte att l\u00e4mna ett telefonnummer eller e-postadress f\u00f6r att bekr\u00e4fta din ans\u00f6kan.<br \/>N\u00e4r vi f\u00e5r din information kommer vi att kontrollera om de beg\u00e4rda produkterna finns tillg\u00e4ngliga. Vi kontaktar dig f\u00f6r att bekr\u00e4fta din bokning.<\/p>\n<p>[\/et_pb_text][et_pb_text _builder_version=&#8221;4.18.1&#8243; _module_preset=&#8221;default&#8221; text_font=&#8221;||||||||&#8221; text_text_color=&#8221;#FFFFFF&#8221; text_font_size=&#8221;12px&#8221; custom_margin=&#8221;||||false|false&#8221; custom_padding=&#8221;||||false|false&#8221; hover_enabled=&#8221;0&#8243; global_colors_info=&#8221;{}&#8221; sticky_enabled=&#8221;0&#8243;]<\/p>\n\n<div class=\"wpcf7 no-js\" id=\"wpcf7-f7699-o1\" lang=\"sv-SE\" dir=\"ltr\" data-wpcf7-id=\"7699\">\n<div class=\"screen-reader-response\"><p role=\"status\" aria-live=\"polite\" aria-atomic=\"true\"><\/p> <ul><\/ul><\/div>\n<form action=\"\/sv\/wp-json\/wp\/v2\/pages\/7195#wpcf7-f7699-o1\" method=\"post\" class=\"wpcf7-form init\" aria-label=\"Kontaktformul\u00e4r\" novalidate=\"novalidate\" data-status=\"init\">\n<fieldset class=\"hidden-fields-container\"><input type=\"hidden\" name=\"_wpcf7\" value=\"7699\" \/><input type=\"hidden\" name=\"_wpcf7_version\" value=\"6.1.5\" \/><input type=\"hidden\" name=\"_wpcf7_locale\" value=\"sv_SE\" \/><input type=\"hidden\" name=\"_wpcf7_unit_tag\" value=\"wpcf7-f7699-o1\" \/><input type=\"hidden\" name=\"_wpcf7_container_post\" value=\"0\" \/><input type=\"hidden\" name=\"_wpcf7_posted_data_hash\" value=\"\" \/><input type=\"hidden\" name=\"_wpcf7_recaptcha_response\" value=\"\" \/>\n<\/fieldset>\n<div class=\"row formulario\">\n\t<div class=\"col-xs-12\">\n\t\t<p><label>V\u00e4lj vilken typ av boende du vill boka:*<br \/>\n<span class=\"wpcf7-form-control-wrap\" data-name=\"alojamiento\"><select class=\"wpcf7-form-control wpcf7-select wpcf7-validates-as-required\" aria-required=\"true\" aria-invalid=\"false\" name=\"alojamiento\"><option value=\"SUITE VERSACE\">SUITE VERSACE<\/option><option value=\"SUITE GOLD\">SUITE GOLD<\/option><option value=\"SUITE ESPEJOS\">SUITE ESPEJOS<\/option><option value=\"SUITE ROSA SPA\">SUITE ROSA SPA<\/option><option value=\"SUITE MAZMORRA\">SUITE MAZMORRA<\/option><option value=\"VILLA INDEPENDIENTE\">VILLA INDEPENDIENTE<\/option><\/select><\/span> <\/label>\n\t\t<\/p>\n\t<\/div>\n\t<div class=\"col-xs-12\">\n\t\t<p><label>V\u00e4lj dag f\u00f6r ditt bes\u00f6k:*<br \/>\n<span class=\"wpcf7-form-control-wrap\" data-name=\"fecha\"><input size=\"40\" maxlength=\"400\" class=\"wpcf7-form-control wpcf7-text wpcf7-validates-as-required walcf7-datepicker\" aria-required=\"true\" aria-invalid=\"false\" value=\"\" type=\"text\" name=\"fecha\" \/><\/span><\/label>\n\t\t<\/p>\n\t<\/div>\n\t<div class=\"col-xs-12\">\n\t\t<p><label>V\u00e4lj tid f\u00f6r ditt bes\u00f6k:*<br \/>\n<span class=\"wpcf7-form-control-wrap\" data-name=\"hora\"><input size=\"40\" maxlength=\"400\" class=\"wpcf7-form-control wpcf7-text wpcf7-validates-as-required walcf7-timepicker\" aria-required=\"true\" aria-invalid=\"false\" value=\"\" type=\"text\" name=\"hora\" \/><\/span><\/label>\n\t\t<\/p>\n\t<\/div>\n\t<div class=\"col-xs-6\">\n\t\t<p><label>Telefon *<br \/>\n<span class=\"wpcf7-form-control-wrap\" data-name=\"your-phone\"><input size=\"40\" maxlength=\"400\" class=\"wpcf7-form-control wpcf7-tel wpcf7-validates-as-required wpcf7-text wpcf7-validates-as-tel\" aria-required=\"true\" aria-invalid=\"false\" value=\"\" type=\"tel\" name=\"your-phone\" \/><\/span><\/label>\n\t\t<\/p>\n\t<\/div>\n\t<div class=\"col-xs-6\">\n\t\t<p><label>E-post *<br \/>\n<span class=\"wpcf7-form-control-wrap\" data-name=\"email\"><input size=\"40\" maxlength=\"400\" class=\"wpcf7-form-control wpcf7-email wpcf7-validates-as-required wpcf7-text wpcf7-validates-as-email\" aria-required=\"true\" aria-invalid=\"false\" value=\"\" type=\"email\" name=\"email\" \/><\/span><\/label>\n\t\t<\/p>\n\t<\/div>\n\t<div class=\"col-xs-12\">\n\t\t<p>[cf7sr-simple-recaptcha]\n\t\t<\/p>\n\t<\/div>\n\t<div class=\"col-xs-12\">\n\t\t<p><span class=\"wpcf7-form-control-wrap\" data-name=\"acceptance-470\"><span class=\"wpcf7-form-control wpcf7-acceptance optional\"><span class=\"wpcf7-list-item\"><label><input type=\"checkbox\" name=\"acceptance-470\" value=\"1\" aria-invalid=\"false\" \/><span class=\"wpcf7-list-item-label\">Jag samtycker uttryckligen till s\u00e4ndning av kommersiell kommunikation<\/span><\/label><\/span><\/span><\/span>\n\t\t<\/p>\n\t<\/div>\n\t<div class=\"col-xs-12\">\n\t\t<p><span class=\"wpcf7-form-control-wrap\" data-name=\"acceptance-971\"><span class=\"wpcf7-form-control wpcf7-acceptance\"><span class=\"wpcf7-list-item\"><label><input type=\"checkbox\" name=\"acceptance-971\" value=\"1\" aria-invalid=\"false\" \/><span class=\"wpcf7-list-item-label\"><a href=\" https:\/\/casamasamarbella.com\/sv\/rattsligt-meddelande\/\" alt=\"T\u00e9rminos y Condiciones\" target=\"_blank\" ><b>Jag accepterar villkoren<\/b><\/a><\/span><\/label><\/span><\/span><\/span>\n\t\t<\/p>\n\t<\/div>\n\t<p><span id=\"wpcf7-69d1f9897ac1f-wrapper\" class=\"wpcf7-form-control-wrap casamasa-246-wrap\" style=\"display:none !important; visibility:hidden !important;\"><label for=\"wpcf7-69d1f9897ac1f-field\" class=\"hp-message\">L\u00e4mna detta f\u00e4lt tomt.<\/label><input id=\"wpcf7-69d1f9897ac1f-field\"  class=\"wpcf7-form-control wpcf7-text\" type=\"text\" name=\"casamasa-246\" value=\"\" size=\"40\" tabindex=\"-1\" autocomplete=\"new-password\" \/><\/span>\n\t<\/p>\n\t<div class=\"col-xs-12\">\n\t\t<p><input class=\"wpcf7-form-control wpcf7-submit has-spinner et_pb_contact_submit et_pb_button\" type=\"submit\" value=\"SKICKA\" \/>\n\t\t<\/p>\n\t<\/div>\n<\/div>\n<div style=\"padding-top:40px;line-height:18px;\">\n\t<p>Vi informerar dig i enlighet med best\u00e4mmelserna i GDPR av den 27 april 2016 att MAR\u00cdA JOS\u00c9 MIRA VILLANO (CASA MASA), samlar in och behandlar dina personuppgifter, med till\u00e4mpning av de tekniska och organisatoriska \u00e5tg\u00e4rder som garanterar din konfidentialitet, f\u00f6r att hantera relationen som binder dig. Du ger ditt samtycke och tillst\u00e5nd f\u00f6r n\u00e4mnda behandling. Vi beh\u00e5ller dina personuppgifter endast under den tid som \u00e4r n\u00f6dv\u00e4ndig f\u00f6r att hantera v\u00e5r relation. Du kan ut\u00f6va dina r\u00e4ttigheter till \u00e5tkomst, r\u00e4ttelse, radering, begr\u00e4nsning, portabilitet och opposition genom att kontakta MAR\u00cdA JOS\u00c9 MIRA VILLANO (CASA MASA) med adress CALLE VICTOR OHAYON TAPIERO, 6, MARBELLA, 29602 M\u00c1LAGA.\n\t<\/p>\n<\/div><div class=\"wpcf7-response-output\" aria-hidden=\"true\"><\/div>\n<\/form>\n<\/div>\n\n<p>[\/et_pb_text][\/et_pb_column][et_pb_column type=&#8221;1_3&#8243; _builder_version=&#8221;4.18.1&#8243; _module_preset=&#8221;default&#8221; global_colors_info=&#8221;{}&#8221;][et_pb_blurb title=&#8221;Din integritet \u00e4r garanterad!&#8221; _builder_version=&#8221;4.18.1&#8243; _module_preset=&#8221;default&#8221; hover_enabled=&#8221;0&#8243; sticky_enabled=&#8221;0&#8243; use_icon=&#8221;on&#8221; font_icon=&#8221;&#x7e;||divi||400&#8243; image_icon_width=&#8221;60px&#8221; header_text_color=&#8221;#FFFFFF&#8221; header_font=&#8221;|||on|||||&#8221; body_font=&#8221;Roboto|300|||||||&#8221; body_text_color=&#8221;#FFFFFF&#8221; custom_margin=&#8221;||50px|||&#8221;]<\/p>\n<p><span>De uppgifter som l\u00e4mnas i detta formul\u00e4r kommer inte att lagras i n\u00e5gon databas eller n\u00e5got register och kommer inte heller att delas med tredje part. Denna information kommer att skickas till v\u00e5r brevl\u00e5da. Den e-post- eller telefonkontakt som du anger kommer endast att anv\u00e4ndas f\u00f6r att bekr\u00e4fta din beg\u00e4ran.<\/span><\/p>\n<p>[\/et_pb_blurb][et_pb_image src=&#8221;https:\/\/casamasamarbella.com\/wp-content\/uploads\/2022\/11\/foto-chica.jpg&#8221; _builder_version=&#8221;4.18.1&#8243; _module_preset=&#8221;default&#8221; alt=&#8221;Foto Chica&#8221; title_text=&#8221;Foto Chica&#8221; hover_enabled=&#8221;0&#8243; sticky_enabled=&#8221;0&#8243;][\/et_pb_image][\/et_pb_column][\/et_pb_row][\/et_pb_section][et_pb_section fb_built=&#8221;1&#8243; _builder_version=&#8221;4.18.1&#8243; _module_preset=&#8221;default&#8221; custom_padding=&#8221;0px||0px||false|false&#8221; global_colors_info=&#8221;{}&#8221;][et_pb_row column_structure=&#8221;2_3,1_3&#8243; _builder_version=&#8221;4.18.1&#8243; _module_preset=&#8221;default&#8221; background_color=&#8221;#282828&#8243; width=&#8221;100%&#8221; max_width=&#8221;2560px&#8221; custom_padding=&#8221;0px||0px|||&#8221; global_colors_info=&#8221;{}&#8221;][et_pb_column type=&#8221;2_3&#8243; _builder_version=&#8221;4.18.1&#8243; _module_preset=&#8221;default&#8221; global_colors_info=&#8221;{}&#8221;][et_pb_code _builder_version=&#8221;4.18.1&#8243; _module_preset=&#8221;default&#8221; custom_padding=&#8221;0px||0px||false|false&#8221; global_colors_info=&#8221;{}&#8221;]<iframe src=\"https:\/\/www.google.com\/maps\/embed?pb=!1m18!1m12!1m3!1d3206.8142172184807!2d-4.918354999999999!3d36.51034649999999!2m3!1f0!2f0!3f0!3m2!1i1024!2i768!4f13.1!3m3!1m2!1s0xd7328209eb239cd%3A0x7e7867af9c9b7303!2sC.%20Victor%20O'Hayon%20Tapiero%2C%2029602%20Marbella%2C%20M%C3%A1laga!5e0!3m2!1ses!2ses!4v1667819965395!5m2!1ses!2ses\" width=\"100%\" height=\"500px\" style=\"border:0;\" allowfullscreen=\"\" loading=\"lazy\" referrerpolicy=\"no-referrer-when-downgrade\"><\/iframe>[\/et_pb_code][\/et_pb_column][et_pb_column type=&#8221;1_3&#8243; _builder_version=&#8221;4.18.1&#8243; _module_preset=&#8221;default&#8221; background_color=&#8221;#282828&#8243; global_colors_info=&#8221;{}&#8221;][et_pb_text _builder_version=&#8221;4.18.1&#8243; _module_preset=&#8221;default&#8221; header_2_font=&#8221;BEBAS NEUE REGULAR||||||||&#8221; header_2_text_color=&#8221;#FFFFFF&#8221; header_2_font_size=&#8221;36px&#8221; header_2_letter_spacing=&#8221;1px&#8221; custom_padding=&#8221;40px||||false|false&#8221; inline_fonts=&#8221;BEBAS NEUE REGULAR&#8221; global_colors_info=&#8221;{}&#8221;]<\/p>\n<h2><strong><span style=\"font-family: 'BEBAS NEUE REGULAR'; font-size: xx-large;\">KONTAKT<\/span><\/strong><\/h2>\n<p>[\/et_pb_text][et_pb_blurb title=&#8221;Victor O&#8217;Hayon Taplero Street&#8221; use_icon=&#8221;on&#8221; font_icon=&#8221;&#xe01d;||divi||400&#8243; icon_color=&#8221;#FE316F&#8221; image_icon_background_color=&#8221;#282828&#8243; icon_placement=&#8221;left&#8221; image_icon_width=&#8221;140%&#8221; _builder_version=&#8221;4.18.1&#8243; _module_preset=&#8221;default&#8221; header_font=&#8221;BEBAS NEUE REGULAR|600||on|||||&#8221; header_text_align=&#8221;left&#8221; header_text_color=&#8221;#FFFFFF&#8221; header_font_size=&#8221;21px&#8221; header_letter_spacing=&#8221;1px&#8221; body_font=&#8221;Roboto|300|||||||&#8221; body_text_align=&#8221;left&#8221; body_text_color=&#8221;#FFFFFF&#8221; body_font_size=&#8221;16px&#8221; image_icon_custom_padding=&#8221;||||false|false&#8221; custom_margin=&#8221;||24px|||&#8221; custom_padding=&#8221;||||false|true&#8221; global_colors_info=&#8221;{}&#8221;]<\/p>\n<p>29600 Marbella, Malaga<\/p>\n<p>[\/et_pb_blurb][et_pb_blurb title=&#8221;(+34) 680 55 46 14&#8243; url=&#8221;Tel:+34680554614&#8243; use_icon=&#8221;on&#8221; font_icon=&#8221;&#xe00b;||divi||400&#8243; icon_color=&#8221;#FE316F&#8221; image_icon_background_color=&#8221;#282828&#8243; icon_placement=&#8221;left&#8221; image_icon_width=&#8221;140%&#8221; _builder_version=&#8221;4.18.1&#8243; _module_preset=&#8221;default&#8221; header_font=&#8221;BEBAS NEUE REGULAR|600||on|||||&#8221; header_text_align=&#8221;left&#8221; header_text_color=&#8221;#FFFFFF&#8221; header_font_size=&#8221;21px&#8221; header_letter_spacing=&#8221;1px&#8221; body_font=&#8221;Roboto|300|||||||&#8221; body_text_align=&#8221;left&#8221; body_text_color=&#8221;#FFFFFF&#8221; body_font_size=&#8221;16px&#8221; image_icon_custom_padding=&#8221;||||false|false&#8221; custom_margin=&#8221;||20px|||&#8221; custom_padding=&#8221;||||false|true&#8221; global_colors_info=&#8221;{}&#8221;][\/et_pb_blurb][et_pb_blurb title=&#8221;casamasa2011@hotmail.com&#8221; url=&#8221;mailto:casamasa2011@hotmail.com&#8221; use_icon=&#8221;on&#8221; font_icon=&#8221;&#xe010;||divi||400&#8243; icon_color=&#8221;#FE316F&#8221; image_icon_background_color=&#8221;#282828&#8243; icon_placement=&#8221;left&#8221; image_icon_width=&#8221;140%&#8221; _builder_version=&#8221;4.18.1&#8243; _module_preset=&#8221;default&#8221; header_font=&#8221;BEBAS NEUE REGULAR|600||on|||||&#8221; header_text_align=&#8221;left&#8221; header_text_color=&#8221;#FFFFFF&#8221; header_font_size=&#8221;21px&#8221; header_letter_spacing=&#8221;1px&#8221; body_font=&#8221;Roboto|300|||||||&#8221; body_text_align=&#8221;left&#8221; body_text_color=&#8221;#FFFFFF&#8221; body_font_size=&#8221;16px&#8221; image_icon_custom_padding=&#8221;||||false|false&#8221; custom_padding=&#8221;||||false|true&#8221; global_colors_info=&#8221;{}&#8221;][\/et_pb_blurb][\/et_pb_column][\/et_pb_row][\/et_pb_section]<\/p>\n","protected":false},"excerpt":{"rendered":"<p>bokningar<div class=\"et_pb_module lwp_divi_breadcrumbs lwp_divi_breadcrumbs_0\">\n\t\t\t\t\n\t\t\t\t\n\t\t\t\t\n\t\t\t\t\n\t\t\t\t\n\t\t\t\t\n\t\t\t\t<div class=\"et_pb_module_inner\">\n\t\t\t\t\t<div class=\"lwp-breadcrumbs\"> <span class=\"before\"><\/span> <span vocab=\"https:\/\/schema.org\/\" typeof=\"BreadcrumbList\"><span property=\"itemListElement\" typeof=\"ListItem\"><a property=\"item\" typeof=\"WebPage\" href=\"https:\/\/casamasamarbella.com\/sv\/\" class=\"home\"><span property=\"name\">Home<\/span><\/a><meta property=\"position\" content=\"1\"><\/span> <span class=\"separator et-pb-icon\">&amp;#x39;<\/span> <\/span><\/div>\n\t\t\t\t<\/div>\n\t\t\t<\/div>Boka in ditt bes\u00f6k p\u00e5 casa masa g\u00f6ra din bokningRUM, SVITER OCH VILLOR V\u00e5ra lyxiga rum har en unik vintage och exklusiv atmosf\u00e4r. Alla \u00e4r bekv\u00e4mt utrustade med sittgrupp, utsikt \u00f6ver poolen och havet. De har king size-s\u00e4ngar, dusch, jacuzzi, gratis WIFI, Smart TV, servicerum, badrock, handdukar och tofflor.V\u00e4lj [&hellip;]<\/p>\n","protected":false},"author":1,"featured_media":0,"parent":0,"menu_order":0,"comment_status":"closed","ping_status":"closed","template":"","meta":{"_et_pb_use_builder":"on","_et_pb_old_content":"","_et_gb_content_width":"","_joinchat":[],"footnotes":""},"class_list":["post-7195","page","type-page","status-publish","hentry"],"_links":{"self":[{"href":"https:\/\/casamasamarbella.com\/sv\/wp-json\/wp\/v2\/pages\/7195","targetHints":{"allow":["GET"]}}],"collection":[{"href":"https:\/\/casamasamarbella.com\/sv\/wp-json\/wp\/v2\/pages"}],"about":[{"href":"https:\/\/casamasamarbella.com\/sv\/wp-json\/wp\/v2\/types\/page"}],"author":[{"embeddable":true,"href":"https:\/\/casamasamarbella.com\/sv\/wp-json\/wp\/v2\/users\/1"}],"replies":[{"embeddable":true,"href":"https:\/\/casamasamarbella.com\/sv\/wp-json\/wp\/v2\/comments?post=7195"}],"version-history":[{"count":0,"href":"https:\/\/casamasamarbella.com\/sv\/wp-json\/wp\/v2\/pages\/7195\/revisions"}],"wp:attachment":[{"href":"https:\/\/casamasamarbella.com\/sv\/wp-json\/wp\/v2\/media?parent=7195"}],"curies":[{"name":"wp","href":"https:\/\/api.w.org\/{rel}","templated":true}]}}