{"id":4303,"date":"2022-10-25T13:22:53","date_gmt":"2022-10-25T13:22:53","guid":{"rendered":"https:\/\/casamasamarbella.com\/exempel-pa-en-sida\/"},"modified":"2022-10-25T14:44:54","modified_gmt":"2022-10-25T14:44:54","slug":"exempel-pa-en-sida","status":"publish","type":"page","link":"https:\/\/casamasamarbella.com\/sv\/exempel-pa-en-sida\/","title":{"rendered":"Exempel p\u00e5 en sida"},"content":{"rendered":"\n<p>Detta \u00e4r en exempelsida. Det skiljer sig fr\u00e5n ett blogginl\u00e4gg eftersom det kommer att finnas p\u00e5 ett st\u00e4lle och visas i navigeringen p\u00e5 din webbplats (i de flesta teman). De flesta b\u00f6rjar med en &#8221;Om&#8221;-sida som presenterar dem f\u00f6r potentiella bes\u00f6kare p\u00e5 webbplatsen. Du kan s\u00e4ga n\u00e5got i stil med f\u00f6ljande:<\/p>\n\n<blockquote class=\"wp-block-quote is-layout-flow wp-block-quote-is-layout-flow\"><p>V\u00e4lkommen! Jag \u00e4r servit\u00f6r p\u00e5 dagarna, en blivande sk\u00e5despelare p\u00e5 n\u00e4tterna och det h\u00e4r \u00e4r min webbplats. Jag bor i Mairena del Alcor, jag har en hund som heter Firulais och jag gillar rebujito. (Och l\u00e5nga eftermiddagar med kaffe).<\/p><\/blockquote>\n\n<p>&#8230;eller n\u00e5got liknande:<\/p>\n\n<blockquote class=\"wp-block-quote is-layout-flow wp-block-quote-is-layout-flow\"><p>F\u00f6retaget &#8221;Mariscos Recio&#8221; grundades av Antonio Recio Mata. Det b\u00f6rjade som ett litet f\u00f6retag som levererade fisk och skaldjur till hotell och restauranger, men har gradvis vuxit till ett enormt imperium. Mariscos Recio, havet till b\u00e4sta pris.<\/p><\/blockquote>\n\n<p>Som ny WordPress-anv\u00e4ndare b\u00f6r du g\u00e5 till <a href=\"https:\/\/casamasamarbella.com\/wp-admin\/\">ditt skrivbord<\/a> f\u00f6r att ta bort den h\u00e4r sidan och skapa nya sidor f\u00f6r ditt inneh\u00e5ll. Ha kul!<\/p>\n","protected":false},"excerpt":{"rendered":"<p>Detta \u00e4r en exempelsida. Det skiljer sig fr\u00e5n ett blogginl\u00e4gg eftersom det kommer att finnas p\u00e5 ett st\u00e4lle och visas i navigeringen p\u00e5 din webbplats (i de flesta teman). De flesta b\u00f6rjar med en &#8221;Om&#8221;-sida som presenterar dem f\u00f6r potentiella bes\u00f6kare p\u00e5 webbplatsen. Du kan s\u00e4ga n\u00e5got i stil med f\u00f6ljande: V\u00e4lkommen! Jag \u00e4r servit\u00f6r [&hellip;]<\/p>\n","protected":false},"author":1,"featured_media":0,"parent":0,"menu_order":0,"comment_status":"closed","ping_status":"closed","template":"","meta":{"_et_pb_use_builder":"","_et_pb_old_content":"","_et_gb_content_width":"","_joinchat":[],"footnotes":""},"class_list":["post-4303","page","type-page","status-publish","hentry"],"_links":{"self":[{"href":"https:\/\/casamasamarbella.com\/sv\/wp-json\/wp\/v2\/pages\/4303","targetHints":{"allow":["GET"]}}],"collection":[{"href":"https:\/\/casamasamarbella.com\/sv\/wp-json\/wp\/v2\/pages"}],"about":[{"href":"https:\/\/casamasamarbella.com\/sv\/wp-json\/wp\/v2\/types\/page"}],"author":[{"embeddable":true,"href":"https:\/\/casamasamarbella.com\/sv\/wp-json\/wp\/v2\/users\/1"}],"replies":[{"embeddable":true,"href":"https:\/\/casamasamarbella.com\/sv\/wp-json\/wp\/v2\/comments?post=4303"}],"version-history":[{"count":0,"href":"https:\/\/casamasamarbella.com\/sv\/wp-json\/wp\/v2\/pages\/4303\/revisions"}],"wp:attachment":[{"href":"https:\/\/casamasamarbella.com\/sv\/wp-json\/wp\/v2\/media?parent=4303"}],"curies":[{"name":"wp","href":"https:\/\/api.w.org\/{rel}","templated":true}]}}