{"id":6136,"date":"2022-11-16T08:38:28","date_gmt":"2022-11-16T06:38:28","guid":{"rendered":"https:\/\/casamasamarbella.com\/casting\/"},"modified":"2022-11-28T11:51:04","modified_gmt":"2022-11-28T11:51:04","slug":"casting","status":"publish","type":"page","link":"https:\/\/casamasamarbella.com\/nl\/casting\/","title":{"rendered":"Casting"},"content":{"rendered":"<p>[et_pb_section fb_built=&#8221;1&#8243; admin_label=&#8221;cabecera p\u00e1gina&#8221; _builder_version=&#8221;4.18.1&#8243; _module_preset=&#8221;default&#8221; background_image=&#8221;https:\/\/casamasamarbella.com\/wp-content\/uploads\/2022\/11\/banner2.jpg&#8221; height=&#8221;300px&#8221; custom_margin=&#8221;-100px||||false|false&#8221; custom_padding=&#8221;100px||||false|false&#8221; saved_tabs=&#8221;all&#8221; global_colors_info=&#8221;{}&#8221;][et_pb_row _builder_version=&#8221;4.18.1&#8243; _module_preset=&#8221;default&#8221; custom_padding=&#8221;||4px|||&#8221; global_colors_info=&#8221;{}&#8221;][et_pb_column type=&#8221;4_4&#8243; _builder_version=&#8221;4.18.1&#8243; _module_preset=&#8221;default&#8221; global_colors_info=&#8221;{}&#8221;][et_pb_text _builder_version=&#8221;4.18.1&#8243; _module_preset=&#8221;default&#8221; header_font=&#8221;BEBAS NEUE REGULAR|600|||||||&#8221; header_text_color=&#8221;#FFFFFF&#8221; header_font_size=&#8221;50px&#8221; header_letter_spacing=&#8221;1px&#8221; hover_enabled=&#8221;0&#8243; global_colors_info=&#8221;{}&#8221; sticky_enabled=&#8221;0&#8243;]<\/p>\n<h1>Werk met ons<\/h1>\n<p>[\/et_pb_text][lwp_divi_breadcrumbs link_color=&#8221;#FE316F&#8221; separator_color=&#8221;#FE316F&#8221; current_text_color=&#8221;#FFFFFF&#8221; _builder_version=&#8221;4.18.1&#8243; _module_preset=&#8221;default&#8221; global_colors_info=&#8221;{}&#8221;][\/lwp_divi_breadcrumbs][\/et_pb_column][\/et_pb_row][\/et_pb_section][et_pb_section fb_built=&#8221;1&#8243; admin_label=&#8221;Secci\u00f3n Base&#8221; _builder_version=&#8221;4.18.1&#8243; _module_preset=&#8221;default&#8221; background_color=&#8221;#04040A&#8221; global_colors_info=&#8221;{}&#8221;][et_pb_row column_structure=&#8221;1_5,3_5,1_5&#8243; _builder_version=&#8221;4.18.1&#8243; _module_preset=&#8221;default&#8221; global_colors_info=&#8221;{}&#8221;][et_pb_column type=&#8221;1_5&#8243; _builder_version=&#8221;4.18.1&#8243; _module_preset=&#8221;default&#8221; global_colors_info=&#8221;{}&#8221;][\/et_pb_column][et_pb_column type=&#8221;3_5&#8243; _builder_version=&#8221;4.18.1&#8243; _module_preset=&#8221;default&#8221; global_colors_info=&#8221;{}&#8221;][et_pb_text _builder_version=&#8221;4.18.1&#8243; _module_preset=&#8221;default&#8221; header_2_font=&#8221;BEBAS NEUE REGULAR|600|||||||&#8221; header_2_text_color=&#8221;#FFFFFF&#8221; header_2_font_size=&#8221;50px&#8221; header_2_letter_spacing=&#8221;1px&#8221; header_3_font=&#8221;BEBAS NEUE REGULAR|600|||||||&#8221; header_3_text_color=&#8221;#FE316F&#8221; header_3_font_size=&#8221;24px&#8221; header_3_letter_spacing=&#8221;1px&#8221; global_colors_info=&#8221;{}&#8221;]<\/p>\n<h3 style=\"text-align: center;\">Werk met ons<\/h3>\n<h2 style=\"text-align: center;\">STUUR ONS UW GEGEVENS<\/h2>\n<p>[\/et_pb_text][et_pb_text _builder_version=&#8221;4.18.1&#8243; _module_preset=&#8221;default&#8221; text_font=&#8221;||||||||&#8221; text_text_color=&#8221;#FFFFFF&#8221; text_font_size=&#8221;16px&#8221; header_2_font=&#8221;BEBAS NEUE REGULAR|600|||||||&#8221; header_2_text_color=&#8221;#FFFFFF&#8221; header_2_font_size=&#8221;50px&#8221; header_2_letter_spacing=&#8221;1px&#8221; header_3_font=&#8221;BEBAS NEUE REGULAR|600|||||||&#8221; header_3_text_color=&#8221;#FE316F&#8221; header_3_font_size=&#8221;24px&#8221; header_3_letter_spacing=&#8221;1px&#8221; global_colors_info=&#8221;{}&#8221;]<\/p>\n<p>Ben je een jong meisje tussen 18 en 35 jaar oud, aantrekkelijk, discreet, elegant, met een gezonde levensstijl, en wil je werken in een ontspannen en aangename omgeving, dan kan je contact met ons opnemen en kennis komen maken, je hoeft alleen maar in te vullen de Formule.<\/p>\n<p>[\/et_pb_text][et_pb_text _builder_version=&#8221;4.18.1&#8243; _module_preset=&#8221;default&#8221; text_font=&#8221;||||||||&#8221; text_text_color=&#8221;#FFFFFF&#8221; text_font_size=&#8221;12px&#8221; custom_margin=&#8221;||20px||false|false&#8221; custom_padding=&#8221;||20px||false|false&#8221; global_colors_info=&#8221;{}&#8221;]<\/p>\n\n<div class=\"wpcf7 no-js\" id=\"wpcf7-f7687-o1\" lang=\"nl-NL\" dir=\"ltr\" data-wpcf7-id=\"7687\">\n<div class=\"screen-reader-response\"><p role=\"status\" aria-live=\"polite\" aria-atomic=\"true\"><\/p> <ul><\/ul><\/div>\n<form action=\"\/nl\/wp-json\/wp\/v2\/pages\/6136#wpcf7-f7687-o1\" method=\"post\" class=\"wpcf7-form init\" aria-label=\"Contact form\" enctype=\"multipart\/form-data\" novalidate=\"novalidate\" data-status=\"init\">\n<fieldset class=\"hidden-fields-container\"><input type=\"hidden\" name=\"_wpcf7\" value=\"7687\" \/><input type=\"hidden\" name=\"_wpcf7_version\" value=\"6.1.5\" \/><input type=\"hidden\" name=\"_wpcf7_locale\" value=\"nl_NL\" \/><input type=\"hidden\" name=\"_wpcf7_unit_tag\" value=\"wpcf7-f7687-o1\" \/><input type=\"hidden\" name=\"_wpcf7_container_post\" value=\"0\" \/><input type=\"hidden\" name=\"_wpcf7_posted_data_hash\" value=\"\" \/><input type=\"hidden\" name=\"_wpcf7_recaptcha_response\" value=\"\" \/>\n<\/fieldset>\n<div class=\"row formulario\">\n\t<div class=\"col-xs-12\">\n\t\t<p><label>Naam*<br \/>\n<span class=\"wpcf7-form-control-wrap\" data-name=\"your-name\"><input size=\"40\" maxlength=\"400\" class=\"wpcf7-form-control wpcf7-text wpcf7-validates-as-required\" aria-required=\"true\" aria-invalid=\"false\" value=\"\" type=\"text\" name=\"your-name\" \/><\/span><\/label>\n\t\t<\/p>\n\t<\/div>\n\t<div class=\"col-xs-12\">\n\t\t<p><label>E-mail*<br \/>\n<span class=\"wpcf7-form-control-wrap\" data-name=\"your-email\"><input size=\"40\" maxlength=\"400\" class=\"wpcf7-form-control wpcf7-email wpcf7-validates-as-required wpcf7-text wpcf7-validates-as-email\" aria-required=\"true\" aria-invalid=\"false\" value=\"\" type=\"email\" name=\"your-email\" \/><\/span><\/label>\n\t\t<\/p>\n\t<\/div>\n\t<div class=\"col-xs-6\">\n\t\t<p><label>Telefoon<br \/>\n<span class=\"wpcf7-form-control-wrap\" data-name=\"your-phone\"><input size=\"40\" maxlength=\"400\" class=\"wpcf7-form-control wpcf7-tel wpcf7-text wpcf7-validates-as-tel\" aria-invalid=\"false\" value=\"\" type=\"tel\" name=\"your-phone\" \/><\/span><\/label>\n\t\t<\/p>\n\t<\/div>\n\t<div class=\"col-xs-6\">\n\t\t<p><label>Hoogte*<br \/>\n<span class=\"wpcf7-form-control-wrap\" data-name=\"edad\"><input size=\"40\" maxlength=\"400\" class=\"wpcf7-form-control wpcf7-text wpcf7-validates-as-required\" aria-required=\"true\" aria-invalid=\"false\" value=\"\" type=\"text\" name=\"edad\" \/><\/span><\/label>\n\t\t<\/p>\n\t<\/div>\n\t<div class=\"col-xs-6\">\n\t\t<p><label>Gewicht*<br \/>\n<span class=\"wpcf7-form-control-wrap\" data-name=\"altura\"><input size=\"40\" maxlength=\"400\" class=\"wpcf7-form-control wpcf7-text wpcf7-validates-as-required\" aria-required=\"true\" aria-invalid=\"false\" value=\"\" type=\"text\" name=\"altura\" \/><\/span><\/label>\n\t\t<\/p>\n\t<\/div>\n\t<div class=\"col-xs-6\">\n\t\t<p><label>Gewicht*<br \/>\n<span class=\"wpcf7-form-control-wrap\" data-name=\"peso\"><input size=\"40\" maxlength=\"400\" class=\"wpcf7-form-control wpcf7-text wpcf7-validates-as-required\" aria-required=\"true\" aria-invalid=\"false\" value=\"\" type=\"text\" name=\"peso\" \/><\/span><\/label>\n\t\t<\/p>\n\t<\/div>\n\t<div class=\"col-xs-6\">\n\t\t<p><label>Maatregelen*<br \/>\n<span class=\"wpcf7-form-control-wrap\" data-name=\"medidas\"><input size=\"40\" maxlength=\"400\" class=\"wpcf7-form-control wpcf7-text wpcf7-validates-as-required\" aria-required=\"true\" aria-invalid=\"false\" value=\"\" type=\"text\" name=\"medidas\" \/><\/span><\/label>\n\t\t<\/p>\n\t<\/div>\n\t<div class=\"col-xs-6\">\n\t\t<p><label>Nationaliteit*<br \/>\n<span class=\"wpcf7-form-control-wrap\" data-name=\"pais\"><input size=\"40\" maxlength=\"400\" class=\"wpcf7-form-control wpcf7-text wpcf7-validates-as-required\" aria-required=\"true\" aria-invalid=\"false\" value=\"\" type=\"text\" name=\"pais\" \/><\/span><\/label>\n\t\t<\/p>\n\t<\/div>\n\t<div class=\"col-xs-6\">\n\t\t<p><label>Talen*<br \/>\n<span class=\"wpcf7-form-control-wrap\" data-name=\"idiomas\"><input size=\"40\" maxlength=\"400\" class=\"wpcf7-form-control wpcf7-text wpcf7-validates-as-required\" aria-required=\"true\" aria-invalid=\"false\" value=\"\" type=\"text\" name=\"idiomas\" \/><\/span><\/label>\n\t\t<\/p>\n\t<\/div>\n\t<div class=\"col-xs-6\">\n\t\t<p><label>Parfums*<br \/>\n<span class=\"wpcf7-form-control-wrap\" data-name=\"perfumes\"><input size=\"40\" maxlength=\"400\" class=\"wpcf7-form-control wpcf7-text wpcf7-validates-as-required\" aria-required=\"true\" aria-invalid=\"false\" value=\"\" type=\"text\" name=\"perfumes\" \/><\/span><\/label>\n\t\t<\/p>\n\t<\/div>\n\t<div class=\"col-xs-6\">\n\t\t<p><label>Hobby's*<br \/>\n<span class=\"wpcf7-form-control-wrap\" data-name=\"hobbies\"><input size=\"40\" maxlength=\"400\" class=\"wpcf7-form-control wpcf7-text wpcf7-validates-as-required\" aria-required=\"true\" aria-invalid=\"false\" value=\"\" type=\"text\" name=\"hobbies\" \/><\/span><\/label>\n\t\t<\/p>\n\t<\/div>\n\t<div class=\"col-xs-6\">\n\t\t<p><label>Massages*<br \/>\n<span class=\"wpcf7-form-control-wrap\" data-name=\"masajes\"><input size=\"40\" maxlength=\"400\" class=\"wpcf7-form-control wpcf7-text wpcf7-validates-as-required\" aria-required=\"true\" aria-invalid=\"false\" value=\"\" type=\"text\" name=\"masajes\" \/><\/span><\/label>\n\t\t<\/p>\n\t<\/div>\n\t<div class=\"col-xs-12\">\n\t\t<p><label>Foto*<br \/>\n<span class=\"wpcf7-form-control-wrap\" data-name=\"Foto\"><input size=\"40\" class=\"wpcf7-form-control wpcf7-file wpcf7-validates-as-required\" accept=\".jpg,.png,.doc,.pdf,.zip,.rar\" aria-required=\"true\" aria-invalid=\"false\" type=\"file\" name=\"Foto\" \/><\/span><\/label>\n\t\t<\/p>\n\t<\/div>\n\t<div class=\"col-xs-12\">\n\t\t<p>[cf7sr-simple-recaptcha]\n\t\t<\/p>\n\t<\/div>\n\t<div class=\"col-xs-12\">\n\t\t<p><span class=\"wpcf7-form-control-wrap\" data-name=\"acceptance-470\"><span class=\"wpcf7-form-control wpcf7-acceptance optional\"><span class=\"wpcf7-list-item\"><label><input type=\"checkbox\" name=\"acceptance-470\" value=\"1\" aria-invalid=\"false\" \/><span class=\"wpcf7-list-item-label\">Ik geef uitdrukkelijk toestemming voor het verzenden van commerci\u00eble communicatie<\/span><\/label><\/span><\/span><\/span>\n\t\t<\/p>\n\t<\/div>\n\t<div class=\"col-xs-12\">\n\t\t<p><span class=\"wpcf7-form-control-wrap\" data-name=\"acceptance-971\"><span class=\"wpcf7-form-control wpcf7-acceptance\"><span class=\"wpcf7-list-item\"><label><input type=\"checkbox\" name=\"acceptance-971\" value=\"1\" aria-invalid=\"false\" \/><span class=\"wpcf7-list-item-label\"><a href=\"https:\/\/casamasamarbella.com\/nl\/wettelijke-waarschuwing\/\" alt=\"T\u00e9rminos y Condiciones\" target=\"_blank\" ><b>Ik accepteer de Voorwaarden<\/b><\/a><\/span><\/label><\/span><\/span><\/span>\n\t\t<\/p>\n\t<\/div>\n\t<p><span id=\"wpcf7-69de5a82a7d7e-wrapper\" class=\"wpcf7-form-control-wrap casamasa-246-wrap\" style=\"display:none !important; visibility:hidden !important;\"><label for=\"wpcf7-69de5a82a7d7e-field\" class=\"hp-message\">Gelieve dit veld leeg te laten.<\/label><input id=\"wpcf7-69de5a82a7d7e-field\"  class=\"wpcf7-form-control wpcf7-text\" type=\"text\" name=\"casamasa-246\" value=\"\" size=\"40\" tabindex=\"-1\" autocomplete=\"new-password\" \/><\/span>\n\t<\/p>\n\t<div class=\"col-xs-12\">\n\t\t<p><input class=\"wpcf7-form-control wpcf7-submit has-spinner et_pb_contact_submit et_pb_button\" type=\"submit\" value=\"VERSTUREN\" \/>\n\t\t<\/p>\n\t<\/div>\n<\/div><div class=\"wpcf7-response-output\" aria-hidden=\"true\"><\/div>\n<\/form>\n<\/div>\n\n<p>[\/et_pb_text][\/et_pb_column][et_pb_column type=&#8221;1_5&#8243; _builder_version=&#8221;4.18.1&#8243; _module_preset=&#8221;default&#8221; global_colors_info=&#8221;{}&#8221;][\/et_pb_column][\/et_pb_row][et_pb_row column_structure=&#8221;1_5,3_5,1_5&#8243; _builder_version=&#8221;4.18.1&#8243; _module_preset=&#8221;default&#8221; global_colors_info=&#8221;{}&#8221;][et_pb_column type=&#8221;1_5&#8243; _builder_version=&#8221;4.18.1&#8243; _module_preset=&#8221;default&#8221; global_colors_info=&#8221;{}&#8221;][\/et_pb_column][et_pb_column type=&#8221;3_5&#8243; _builder_version=&#8221;4.18.1&#8243; _module_preset=&#8221;default&#8221; global_colors_info=&#8221;{}&#8221;][et_pb_text _builder_version=&#8221;4.18.1&#8243; _module_preset=&#8221;default&#8221; text_font=&#8221;|300|||||||&#8221; text_text_color=&#8221;#FFFFFF&#8221; text_font_size=&#8221;12px&#8221; text_line_height=&#8221;1.5em&#8221; header_2_font=&#8221;BEBAS NEUE REGULAR|600|||||||&#8221; header_2_text_color=&#8221;#FFFFFF&#8221; header_2_font_size=&#8221;50px&#8221; header_2_letter_spacing=&#8221;1px&#8221; header_3_font=&#8221;BEBAS NEUE REGULAR|600|||||||&#8221; header_3_text_color=&#8221;#FE316F&#8221; header_3_font_size=&#8221;24px&#8221; header_3_letter_spacing=&#8221;1px&#8221; global_colors_info=&#8221;{}&#8221;]<\/p>\n<p style=\"text-align: left;\"><small>Le informamos conforme a lo previsto en el RGPD de 27 de abril de 2016 que MAR\u00cdA JOS\u00c9 MIRA VILLANO (CASA MASA), recaba y trata sus datos de car\u00e1cter personal, aplicando las medidas t\u00e9cnicas y organizativas que garantizan su confidencialidad, con la finalidad de gestionar la relaci\u00f3n que le vincula. Usted da su consentimiento y autorizaci\u00f3n para dicho tratamiento. Conservaremos sus datos de car\u00e1cter personal \u00fanicamente el tiempo imprescindible para gestionar nuestra relaci\u00f3n. Podr\u00e1 ejercitar los derechos de acceso, rectificaci\u00f3n, supresi\u00f3n, limitaci\u00f3n, portabilidad y oposici\u00f3n dirigi\u00e9ndose a MAR\u00cdA JOS\u00c9 MIRA VILLANO (CASA MASA) con direcci\u00f3n CALLE VICTOR OHAYON TAPIERO, 6, MARBELLA, 29602 M\u00c1LAGA.<\/small><\/p>\n<p>[\/et_pb_text][\/et_pb_column][et_pb_column type=&#8221;1_5&#8243; _builder_version=&#8221;4.18.1&#8243; _module_preset=&#8221;default&#8221; global_colors_info=&#8221;{}&#8221;][\/et_pb_column][\/et_pb_row][\/et_pb_section][et_pb_section fb_built=&#8221;1&#8243; _builder_version=&#8221;4.18.1&#8243; _module_preset=&#8221;default&#8221; custom_padding=&#8221;0px||0px||false|false&#8221; global_colors_info=&#8221;{}&#8221;][et_pb_row column_structure=&#8221;2_3,1_3&#8243; _builder_version=&#8221;4.18.1&#8243; _module_preset=&#8221;default&#8221; background_color=&#8221;#282828&#8243; width=&#8221;100%&#8221; max_width=&#8221;2560px&#8221; custom_padding=&#8221;0px||0px|||&#8221; global_colors_info=&#8221;{}&#8221;][et_pb_column type=&#8221;2_3&#8243; _builder_version=&#8221;4.18.1&#8243; _module_preset=&#8221;default&#8221; global_colors_info=&#8221;{}&#8221;][et_pb_code _builder_version=&#8221;4.18.1&#8243; _module_preset=&#8221;default&#8221; custom_padding=&#8221;0px||0px||false|false&#8221; global_colors_info=&#8221;{}&#8221;]<iframe src=\"https:\/\/www.google.com\/maps\/embed?pb=!1m18!1m12!1m3!1d3206.8142172184807!2d-4.918354999999999!3d36.51034649999999!2m3!1f0!2f0!3f0!3m2!1i1024!2i768!4f13.1!3m3!1m2!1s0xd7328209eb239cd%3A0x7e7867af9c9b7303!2sC.%20Victor%20O'Hayon%20Tapiero%2C%2029602%20Marbella%2C%20M%C3%A1laga!5e0!3m2!1ses!2ses!4v1667819965395!5m2!1ses!2ses\" width=\"100%\" height=\"500px\" style=\"border:0;\" allowfullscreen=\"\" loading=\"lazy\" referrerpolicy=\"no-referrer-when-downgrade\"><\/iframe>[\/et_pb_code][\/et_pb_column][et_pb_column type=&#8221;1_3&#8243; _builder_version=&#8221;4.18.1&#8243; _module_preset=&#8221;default&#8221; background_color=&#8221;#282828&#8243; global_colors_info=&#8221;{}&#8221;][et_pb_text _builder_version=&#8221;4.18.1&#8243; _module_preset=&#8221;default&#8221; header_2_font=&#8221;BEBAS NEUE REGULAR||||||||&#8221; header_2_text_color=&#8221;#FFFFFF&#8221; header_2_font_size=&#8221;36px&#8221; header_2_letter_spacing=&#8221;1px&#8221; custom_padding=&#8221;40px||||false|false&#8221; inline_fonts=&#8221;BEBAS NEUE REGULAR&#8221; global_colors_info=&#8221;{}&#8221;]<\/p>\n<h2><strong><span style=\"font-family: 'BEBAS NEUE REGULAR'; font-size: xx-large;\">CONTACT<\/span><\/strong><\/h2>\n<p>[\/et_pb_text][et_pb_blurb title=&#8221;Calle Victor O&#8217;Hayon Taplero&#8221; use_icon=&#8221;on&#8221; font_icon=&#8221;&#xe01d;||divi||400&#8243; icon_color=&#8221;#FE316F&#8221; image_icon_background_color=&#8221;#282828&#8243; icon_placement=&#8221;left&#8221; image_icon_width=&#8221;140%&#8221; _builder_version=&#8221;4.18.1&#8243; _module_preset=&#8221;default&#8221; header_font=&#8221;BEBAS NEUE REGULAR|600||on|||||&#8221; header_text_align=&#8221;left&#8221; header_text_color=&#8221;#FFFFFF&#8221; header_font_size=&#8221;21px&#8221; header_letter_spacing=&#8221;1px&#8221; body_font=&#8221;Roboto|300|||||||&#8221; body_text_align=&#8221;left&#8221; body_text_color=&#8221;#FFFFFF&#8221; body_font_size=&#8221;16px&#8221; image_icon_custom_padding=&#8221;||||false|false&#8221; custom_margin=&#8221;||24px|||&#8221; custom_padding=&#8221;||||false|true&#8221; global_colors_info=&#8221;{}&#8221;]<\/p>\n<p>29600 Marbella, M\u00e1laga<\/p>\n<p>[\/et_pb_blurb][et_pb_blurb title=&#8221;(+34) 680 55 46 14&#8243; url=&#8221;tel:+34680554614&#8243; use_icon=&#8221;on&#8221; font_icon=&#8221;&#xe00b;||divi||400&#8243; icon_color=&#8221;#FE316F&#8221; image_icon_background_color=&#8221;#282828&#8243; icon_placement=&#8221;left&#8221; image_icon_width=&#8221;140%&#8221; _builder_version=&#8221;4.18.1&#8243; _module_preset=&#8221;default&#8221; header_font=&#8221;BEBAS NEUE REGULAR|600||on|||||&#8221; header_text_align=&#8221;left&#8221; header_text_color=&#8221;#FFFFFF&#8221; header_font_size=&#8221;21px&#8221; header_letter_spacing=&#8221;1px&#8221; body_font=&#8221;Roboto|300|||||||&#8221; body_text_align=&#8221;left&#8221; body_text_color=&#8221;#FFFFFF&#8221; body_font_size=&#8221;16px&#8221; image_icon_custom_padding=&#8221;||||false|false&#8221; custom_margin=&#8221;||20px|||&#8221; custom_padding=&#8221;||||false|true&#8221; global_colors_info=&#8221;{}&#8221;][\/et_pb_blurb][et_pb_blurb title=&#8221;casamasa2011@hotmail.com&#8221; url=&#8221;mailto:casamasa2011@hotmail.com&#8221; use_icon=&#8221;on&#8221; font_icon=&#8221;&#xe010;||divi||400&#8243; icon_color=&#8221;#FE316F&#8221; image_icon_background_color=&#8221;#282828&#8243; icon_placement=&#8221;left&#8221; image_icon_width=&#8221;140%&#8221; _builder_version=&#8221;4.18.1&#8243; _module_preset=&#8221;default&#8221; header_font=&#8221;BEBAS NEUE REGULAR|600||on|||||&#8221; header_text_align=&#8221;left&#8221; header_text_color=&#8221;#FFFFFF&#8221; header_font_size=&#8221;21px&#8221; header_letter_spacing=&#8221;1px&#8221; body_font=&#8221;Roboto|300|||||||&#8221; body_text_align=&#8221;left&#8221; body_text_color=&#8221;#FFFFFF&#8221; body_font_size=&#8221;16px&#8221; image_icon_custom_padding=&#8221;||||false|false&#8221; custom_padding=&#8221;||||false|true&#8221; global_colors_info=&#8221;{}&#8221;][\/et_pb_blurb][\/et_pb_column][\/et_pb_row][\/et_pb_section]<\/p>\n","protected":false},"excerpt":{"rendered":"<p>Werk met ons<div class=\"et_pb_module lwp_divi_breadcrumbs lwp_divi_breadcrumbs_0\">\n\t\t\t\t\n\t\t\t\t\n\t\t\t\t\n\t\t\t\t\n\t\t\t\t\n\t\t\t\t\n\t\t\t\t<div class=\"et_pb_module_inner\">\n\t\t\t\t\t<div class=\"lwp-breadcrumbs\"> <span class=\"before\"><\/span> <span vocab=\"https:\/\/schema.org\/\" typeof=\"BreadcrumbList\"><span property=\"itemListElement\" typeof=\"ListItem\"><a property=\"item\" typeof=\"WebPage\" href=\"https:\/\/casamasamarbella.com\/nl\/\" class=\"home\"><span property=\"name\">Home<\/span><\/a><meta property=\"position\" content=\"1\"><\/span> <span class=\"separator et-pb-icon\">&amp;#x39;<\/span> <\/span><\/div>\n\t\t\t\t<\/div>\n\t\t\t<\/div>Werk met ons STUUR ONS UW GEGEVENSBen je een jong meisje tussen 18 en 35 jaar oud, aantrekkelijk, discreet, elegant, met een gezonde levensstijl, en wil je werken in een ontspannen en aangename omgeving, dan kan je contact met ons opnemen en kennis komen maken, je hoeft [&hellip;]<\/p>\n","protected":false},"author":1,"featured_media":0,"parent":0,"menu_order":0,"comment_status":"closed","ping_status":"closed","template":"","meta":{"_et_pb_use_builder":"on","_et_pb_old_content":"","_et_gb_content_width":"","_joinchat":[],"footnotes":""},"class_list":["post-6136","page","type-page","status-publish","hentry"],"_links":{"self":[{"href":"https:\/\/casamasamarbella.com\/nl\/wp-json\/wp\/v2\/pages\/6136","targetHints":{"allow":["GET"]}}],"collection":[{"href":"https:\/\/casamasamarbella.com\/nl\/wp-json\/wp\/v2\/pages"}],"about":[{"href":"https:\/\/casamasamarbella.com\/nl\/wp-json\/wp\/v2\/types\/page"}],"author":[{"embeddable":true,"href":"https:\/\/casamasamarbella.com\/nl\/wp-json\/wp\/v2\/users\/1"}],"replies":[{"embeddable":true,"href":"https:\/\/casamasamarbella.com\/nl\/wp-json\/wp\/v2\/comments?post=6136"}],"version-history":[{"count":0,"href":"https:\/\/casamasamarbella.com\/nl\/wp-json\/wp\/v2\/pages\/6136\/revisions"}],"wp:attachment":[{"href":"https:\/\/casamasamarbella.com\/nl\/wp-json\/wp\/v2\/media?parent=6136"}],"curies":[{"name":"wp","href":"https:\/\/api.w.org\/{rel}","templated":true}]}}